{"id":1612,"date":"2024-06-03T09:21:02","date_gmt":"2024-06-03T09:21:02","guid":{"rendered":"https:\/\/www.greenroom.at\/?page_id=1612"},"modified":"2024-09-19T15:59:15","modified_gmt":"2024-09-19T15:59:15","slug":"biketouren","status":"publish","type":"page","link":"https:\/\/www.greenroom.at\/de\/biketouren","title":{"rendered":"Biketouren in Mayrhofen  mit KOMOOT"},"content":{"rendered":"\n<div class=\"wp-block-media-text has-media-on-the-right is-stacked-on-mobile\" style=\"grid-template-columns:auto 27%\"><div class=\"wp-block-media-text__content\">\n<p><strong>Scan einfach die QR-Codes mit deinem Smartphone und du kommst direkt auf unsere Page in deiner KOMOOT APP!<\/strong><\/p>\n<\/div><figure class=\"wp-block-media-text__media\"><img loading=\"lazy\" decoding=\"async\" width=\"300\" height=\"300\" src=\"https:\/\/www.greenroom.at\/wp-content\/uploads\/2024\/06\/komootfull.jpg\" alt=\"\" class=\"wp-image-1688 size-full\" srcset=\"https:\/\/www.greenroom.at\/wp-content\/uploads\/2024\/06\/komootfull.jpg 300w, https:\/\/www.greenroom.at\/wp-content\/uploads\/2024\/06\/komootfull-150x150.jpg 150w, https:\/\/www.greenroom.at\/wp-content\/uploads\/2024\/06\/komootfull-12x12.jpg 12w, https:\/\/www.greenroom.at\/wp-content\/uploads\/2024\/06\/komootfull-100x100.jpg 100w\" sizes=\"auto, (max-width: 300px) 100vw, 300px\" \/><\/figure><\/div>\n\n\n\n<h2 class=\"wp-block-heading has-text-align-center\"><\/h2>\n\n\n\n<div class=\"wp-block-group alignfull tw-block-animation tw-animation-fade-in-up\"><div class=\"wp-block-group__inner-container is-layout-flow wp-block-group-is-layout-flow\">\n<div class=\"wp-block-columns alignwide tw-cols-card tw-cols-card-shadow tw-stretched-media is-layout-flex wp-container-core-columns-is-layout-9d6595d7 wp-block-columns-is-layout-flex\">\n<div class=\"wp-block-column is-layout-flow wp-block-column-is-layout-flow\">\n<figure class=\"wp-block-image size-full\"><img loading=\"lazy\" decoding=\"async\" width=\"435\" height=\"446\" src=\"https:\/\/www.greenroom.at\/wp-content\/uploads\/2024\/06\/wangl.jpg\" alt=\"\" class=\"wp-image-1638\" srcset=\"https:\/\/www.greenroom.at\/wp-content\/uploads\/2024\/06\/wangl.jpg 435w, https:\/\/www.greenroom.at\/wp-content\/uploads\/2024\/06\/wangl-293x300.jpg 293w, https:\/\/www.greenroom.at\/wp-content\/uploads\/2024\/06\/wangl-12x12.jpg 12w\" sizes=\"auto, (max-width: 435px) 100vw, 435px\" \/><\/figure>\n\n\n\n<h3 class=\"wp-block-heading\">Penkenjoch\/<br>Wanglalm<\/h3>\n\n\n\n<p>Dauer ca 4,5 Std<br>Entfernung ca 42km<br>H\u00f6henmeter ca 1610m<br>H\u00f6chster Punkt 2240m<br>Level: schwer<\/p>\n<\/div>\n\n\n\n<div class=\"wp-block-column is-layout-flow wp-block-column-is-layout-flow\">\n<figure class=\"wp-block-image size-full\"><img loading=\"lazy\" decoding=\"async\" width=\"435\" height=\"446\" src=\"https:\/\/www.greenroom.at\/wp-content\/uploads\/2024\/06\/torsee.jpg\" alt=\"\" class=\"wp-image-1616\" srcset=\"https:\/\/www.greenroom.at\/wp-content\/uploads\/2024\/06\/torsee.jpg 435w, https:\/\/www.greenroom.at\/wp-content\/uploads\/2024\/06\/torsee-293x300.jpg 293w, https:\/\/www.greenroom.at\/wp-content\/uploads\/2024\/06\/torsee-12x12.jpg 12w\" sizes=\"auto, (max-width: 435px) 100vw, 435px\" \/><\/figure>\n\n\n\n<h3 class=\"wp-block-heading\">Torsee<br>(Bike&amp;Hike)<\/h3>\n\n\n\n<p>Dauer ca 4,5 Std<br>Entfernung ca 42km<br>H\u00f6henmeter ca 1150m<br>H\u00f6chster Punkt 2280m<br>Level: mitt<\/p>\n<\/div>\n\n\n\n<div class=\"wp-block-column is-layout-flow wp-block-column-is-layout-flow\">\n<figure class=\"wp-block-image size-full\"><img loading=\"lazy\" decoding=\"async\" width=\"435\" height=\"446\" src=\"https:\/\/www.greenroom.at\/wp-content\/uploads\/2024\/06\/sidanjoch.jpg\" alt=\"\" class=\"wp-image-1617\" srcset=\"https:\/\/www.greenroom.at\/wp-content\/uploads\/2024\/06\/sidanjoch.jpg 435w, https:\/\/www.greenroom.at\/wp-content\/uploads\/2024\/06\/sidanjoch-293x300.jpg 293w, https:\/\/www.greenroom.at\/wp-content\/uploads\/2024\/06\/sidanjoch-12x12.jpg 12w\" sizes=\"auto, (max-width: 435px) 100vw, 435px\" \/><\/figure>\n\n\n\n<h3 class=\"wp-block-heading\">Sidanjoch<\/h3>\n\n\n\n<p>Dauer ca 5 Std<br>Entfernung ca 58km<br>H\u00f6henmeter ca 1090m<br>H\u00f6chster Punkt 2120m<br>Level: schwer<\/p>\n<\/div>\n<\/div>\n<\/div><\/div>\n\n\n\n<div class=\"wp-block-group alignfull\"><div class=\"wp-block-group__inner-container is-layout-flow wp-block-group-is-layout-flow\">\n<h2 class=\"wp-block-heading has-text-align-center\"><\/h2>\n\n\n\n<div class=\"wp-block-columns alignwide tw-cols-card tw-cols-card-shadow tw-stretched-media is-layout-flex wp-container-core-columns-is-layout-9d6595d7 wp-block-columns-is-layout-flex tw-block-animation tw-animation-fade-in-up\">\n<div class=\"wp-block-column is-layout-flow wp-block-column-is-layout-flow\">\n<figure class=\"wp-block-image size-full\"><img loading=\"lazy\" decoding=\"async\" width=\"435\" height=\"446\" src=\"https:\/\/www.greenroom.at\/wp-content\/uploads\/2024\/06\/penkenjoch_wangelalm.jpg\" alt=\"\" class=\"wp-image-1613\" srcset=\"https:\/\/www.greenroom.at\/wp-content\/uploads\/2024\/06\/penkenjoch_wangelalm.jpg 435w, https:\/\/www.greenroom.at\/wp-content\/uploads\/2024\/06\/penkenjoch_wangelalm-293x300.jpg 293w, https:\/\/www.greenroom.at\/wp-content\/uploads\/2024\/06\/penkenjoch_wangelalm-12x12.jpg 12w\" sizes=\"auto, (max-width: 435px) 100vw, 435px\" \/><\/figure>\n\n\n\n<h3 class=\"wp-block-heading\">Kolm<br>(Bike&amp;Hike)<\/h3>\n\n\n\n<p>Dauer ca 5,5 Std<br>Entfernung ca 30km<br>H\u00f6henmeter ca 2050m<br>H\u00f6chster Punkt 2660m<br>Level: schwer<\/p>\n<\/div>\n\n\n\n<div class=\"wp-block-column is-layout-flow wp-block-column-is-layout-flow\">\n<figure class=\"wp-block-image size-full\"><img loading=\"lazy\" decoding=\"async\" width=\"435\" height=\"446\" src=\"https:\/\/www.greenroom.at\/wp-content\/uploads\/2024\/06\/zillergrund.jpg\" alt=\"\" class=\"wp-image-1641\" srcset=\"https:\/\/www.greenroom.at\/wp-content\/uploads\/2024\/06\/zillergrund.jpg 435w, https:\/\/www.greenroom.at\/wp-content\/uploads\/2024\/06\/zillergrund-293x300.jpg 293w, https:\/\/www.greenroom.at\/wp-content\/uploads\/2024\/06\/zillergrund-12x12.jpg 12w\" sizes=\"auto, (max-width: 435px) 100vw, 435px\" \/><\/figure>\n\n\n\n<h3 class=\"wp-block-heading\">Zillergrund\/<br>Klein Tibet<\/h3>\n\n\n\n<p>Dauer ca 3,5 Std<br>Entfernung ca 49km<br>H\u00f6henmeter ca 1470m<br>H\u00f6chster Punkt 1920m<br>Level: mittel<\/p>\n<\/div>\n\n\n\n<div class=\"wp-block-column is-layout-flow wp-block-column-is-layout-flow\">\n<figure class=\"wp-block-image size-full\"><img loading=\"lazy\" decoding=\"async\" width=\"435\" height=\"446\" src=\"https:\/\/www.greenroom.at\/wp-content\/uploads\/2024\/06\/schlegeis.jpg\" alt=\"\" class=\"wp-image-1642\" srcset=\"https:\/\/www.greenroom.at\/wp-content\/uploads\/2024\/06\/schlegeis.jpg 435w, https:\/\/www.greenroom.at\/wp-content\/uploads\/2024\/06\/schlegeis-293x300.jpg 293w, https:\/\/www.greenroom.at\/wp-content\/uploads\/2024\/06\/schlegeis-12x12.jpg 12w\" sizes=\"auto, (max-width: 435px) 100vw, 435px\" \/><\/figure>\n\n\n\n<h3 class=\"wp-block-heading\">Schlegeis<\/h3>\n\n\n\n<p>Dauer ca 3,5 Std<br>Entfernung ca 50km<br>H\u00f6henmeter ca 1210m<br>H\u00f6chster Punkt 1780m<br>Level: mittel<\/p>\n<\/div>\n<\/div>\n<\/div><\/div>\n\n\n\n<p><\/p>\n","protected":false},"excerpt":{"rendered":"<p>Scan einfach die QR-Codes mit deinem Smartphone und du kommst direkt auf unsere Page in deiner KOMOOT APP! Penkenjoch\/Wanglalm Dauer ca 4,5 StdEntfernung ca 42kmH\u00f6henmeter ca 1610mH\u00f6chster Punkt 2240mLevel: schwer Torsee(Bike&amp;Hike) Dauer ca 4,5 StdEntfernung ca 42kmH\u00f6henmeter ca 1150mH\u00f6chster Punkt 2280mLevel: mitt Sidanjoch Dauer ca 5 StdEntfernung ca 58kmH\u00f6henmeter ca 1090mH\u00f6chster Punkt 2120mLevel: schwer Kolm(Bike&amp;Hike) &hellip; <\/p>\n<p class=\"link-more\"><a href=\"https:\/\/www.greenroom.at\/de\/biketouren\" class=\"more-link\"><span class=\"screen-reader-text\">\u201eBiketouren in Mayrhofen  mit KOMOOT\u201c <\/span>weiterlesen<\/a><\/p>\n","protected":false},"author":1,"featured_media":1627,"parent":0,"menu_order":0,"comment_status":"closed","ping_status":"closed","template":"","meta":{"footnotes":""},"class_list":["post-1612","page","type-page","status-publish","has-post-thumbnail","hentry"],"aioseo_notices":[],"_links":{"self":[{"href":"https:\/\/www.greenroom.at\/de\/wp-json\/wp\/v2\/pages\/1612","targetHints":{"allow":["GET"]}}],"collection":[{"href":"https:\/\/www.greenroom.at\/de\/wp-json\/wp\/v2\/pages"}],"about":[{"href":"https:\/\/www.greenroom.at\/de\/wp-json\/wp\/v2\/types\/page"}],"author":[{"embeddable":true,"href":"https:\/\/www.greenroom.at\/de\/wp-json\/wp\/v2\/users\/1"}],"replies":[{"embeddable":true,"href":"https:\/\/www.greenroom.at\/de\/wp-json\/wp\/v2\/comments?post=1612"}],"version-history":[{"count":26,"href":"https:\/\/www.greenroom.at\/de\/wp-json\/wp\/v2\/pages\/1612\/revisions"}],"predecessor-version":[{"id":1874,"href":"https:\/\/www.greenroom.at\/de\/wp-json\/wp\/v2\/pages\/1612\/revisions\/1874"}],"wp:featuredmedia":[{"embeddable":true,"href":"https:\/\/www.greenroom.at\/de\/wp-json\/wp\/v2\/media\/1627"}],"wp:attachment":[{"href":"https:\/\/www.greenroom.at\/de\/wp-json\/wp\/v2\/media?parent=1612"}],"curies":[{"name":"wp","href":"https:\/\/api.w.org\/{rel}","templated":true}]}}