{"id":1906,"date":"2024-09-20T09:48:15","date_gmt":"2024-09-20T09:48:15","guid":{"rendered":"https:\/\/www.greenroom.at\/?page_id=1906"},"modified":"2025-09-22T15:10:07","modified_gmt":"2025-09-22T15:10:07","slug":"liv-embolden-e-ex","status":"publish","type":"page","link":"https:\/\/www.greenroom.at\/de\/liv-embolden-e-ex","title":{"rendered":"NOX XC Trail P3"},"content":{"rendered":"\n<h2 class=\"wp-block-heading\">Ausstattung:<\/h2>\n\n\n\n<ul class=\"wp-block-list\">\n<li>High-End Drive System<\/li>\n\n\n\n<li>BMZ RS (48V, 250W, 112Nm)<\/li>\n\n\n\n<li>High-Performance Wechselakku<\/li>\n\n\n\n<li>BMZ URV10 \/ 725 Wh<\/li>\n\n\n\n<li>NOX high-performance&nbsp;Aluminium Voll-Rahmen<\/li>\n\n\n\n<li>Flip-Chip Drop Out<\/li>\n\n\n\n<li>Boost Standard<\/li>\n\n\n\n<li>High-End Displays \/ Remotes + Smartphone-Anbindung<\/li>\n\n\n\n<li>Cross Country-spezifische Komponenten&nbsp;(E-Bike optimiert und zertifiziert)<\/li>\n\n\n\n<li>Aufnahmen f\u00fcr Seitenst\u00e4nder, Gep\u00e4cktr\u00e4ger, Schutzbleche, Trinkflaschenhalter und Anh\u00e4ngeradapter f\u00fcr Kinderanh\u00e4nger etc.<\/li>\n\n\n\n<li>Fahrradpr\u00fcfung \u00fcber die Normen hinaus (EFBE Test)<\/li>\n\n\n\n<li>Neupreis 4899,-<\/li>\n\n\n\n<li><strong>Preis \u20ac2450,-<\/strong><\/li>\n<\/ul>\n\n\n\n<figure class=\"wp-block-gallery has-nested-images columns-default is-cropped wp-block-gallery-1 is-layout-flex wp-block-gallery-is-layout-flex\">\n<figure class=\"wp-block-image size-large\"><img loading=\"lazy\" decoding=\"async\" width=\"737\" height=\"673\" data-id=\"2169\" src=\"https:\/\/www.greenroom.at\/wp-content\/uploads\/2025\/07\/nox_ht_01.jpg\" alt=\"\" class=\"wp-image-2169\" srcset=\"https:\/\/www.greenroom.at\/wp-content\/uploads\/2025\/07\/nox_ht_01.jpg 737w, https:\/\/www.greenroom.at\/wp-content\/uploads\/2025\/07\/nox_ht_01-300x274.jpg 300w, https:\/\/www.greenroom.at\/wp-content\/uploads\/2025\/07\/nox_ht_01-13x12.jpg 13w\" sizes=\"auto, (max-width: 737px) 100vw, 737px\" \/><\/figure>\n\n\n\n<figure class=\"wp-block-image size-large\"><img loading=\"lazy\" decoding=\"async\" width=\"927\" height=\"695\" data-id=\"2166\" src=\"https:\/\/www.greenroom.at\/wp-content\/uploads\/2025\/07\/nox_ht_02.jpg\" alt=\"\" class=\"wp-image-2166\" srcset=\"https:\/\/www.greenroom.at\/wp-content\/uploads\/2025\/07\/nox_ht_02.jpg 927w, https:\/\/www.greenroom.at\/wp-content\/uploads\/2025\/07\/nox_ht_02-300x225.jpg 300w, https:\/\/www.greenroom.at\/wp-content\/uploads\/2025\/07\/nox_ht_02-768x576.jpg 768w, https:\/\/www.greenroom.at\/wp-content\/uploads\/2025\/07\/nox_ht_02-16x12.jpg 16w\" sizes=\"auto, (max-width: 767px) 89vw, (max-width: 1000px) 54vw, (max-width: 1071px) 543px, 580px\" \/><\/figure>\n\n\n\n<figure class=\"wp-block-image size-large\"><img loading=\"lazy\" decoding=\"async\" width=\"453\" height=\"639\" data-id=\"2173\" src=\"https:\/\/www.greenroom.at\/wp-content\/uploads\/2025\/07\/nox_ht_03.jpg\" alt=\"\" class=\"wp-image-2173\" srcset=\"https:\/\/www.greenroom.at\/wp-content\/uploads\/2025\/07\/nox_ht_03.jpg 453w, https:\/\/www.greenroom.at\/wp-content\/uploads\/2025\/07\/nox_ht_03-213x300.jpg 213w, https:\/\/www.greenroom.at\/wp-content\/uploads\/2025\/07\/nox_ht_03-9x12.jpg 9w\" sizes=\"auto, (max-width: 453px) 100vw, 453px\" \/><\/figure>\n\n\n\n<figure class=\"wp-block-image size-large\"><img loading=\"lazy\" decoding=\"async\" width=\"927\" height=\"695\" data-id=\"2170\" src=\"https:\/\/www.greenroom.at\/wp-content\/uploads\/2025\/07\/nox_ht_04.jpg\" alt=\"\" class=\"wp-image-2170\" srcset=\"https:\/\/www.greenroom.at\/wp-content\/uploads\/2025\/07\/nox_ht_04.jpg 927w, https:\/\/www.greenroom.at\/wp-content\/uploads\/2025\/07\/nox_ht_04-300x225.jpg 300w, https:\/\/www.greenroom.at\/wp-content\/uploads\/2025\/07\/nox_ht_04-768x576.jpg 768w, https:\/\/www.greenroom.at\/wp-content\/uploads\/2025\/07\/nox_ht_04-16x12.jpg 16w\" sizes=\"auto, (max-width: 767px) 89vw, (max-width: 1000px) 54vw, (max-width: 1071px) 543px, 580px\" \/><\/figure>\n\n\n\n<figure class=\"wp-block-image size-large\"><img loading=\"lazy\" decoding=\"async\" width=\"858\" height=\"695\" data-id=\"2172\" src=\"https:\/\/www.greenroom.at\/wp-content\/uploads\/2025\/07\/nox_ht_05.jpg\" alt=\"\" class=\"wp-image-2172\" srcset=\"https:\/\/www.greenroom.at\/wp-content\/uploads\/2025\/07\/nox_ht_05.jpg 858w, https:\/\/www.greenroom.at\/wp-content\/uploads\/2025\/07\/nox_ht_05-300x243.jpg 300w, https:\/\/www.greenroom.at\/wp-content\/uploads\/2025\/07\/nox_ht_05-768x622.jpg 768w, https:\/\/www.greenroom.at\/wp-content\/uploads\/2025\/07\/nox_ht_05-15x12.jpg 15w\" sizes=\"auto, (max-width: 767px) 89vw, (max-width: 1000px) 54vw, (max-width: 1071px) 543px, 580px\" \/><\/figure>\n\n\n\n<figure class=\"wp-block-image size-large\"><img loading=\"lazy\" decoding=\"async\" width=\"678\" height=\"695\" data-id=\"2168\" src=\"https:\/\/www.greenroom.at\/wp-content\/uploads\/2025\/07\/nox_ht_06.jpg\" alt=\"\" class=\"wp-image-2168\" srcset=\"https:\/\/www.greenroom.at\/wp-content\/uploads\/2025\/07\/nox_ht_06.jpg 678w, https:\/\/www.greenroom.at\/wp-content\/uploads\/2025\/07\/nox_ht_06-293x300.jpg 293w, https:\/\/www.greenroom.at\/wp-content\/uploads\/2025\/07\/nox_ht_06-12x12.jpg 12w\" sizes=\"auto, (max-width: 678px) 100vw, 678px\" \/><\/figure>\n\n\n\n<figure class=\"wp-block-image size-large\"><img loading=\"lazy\" decoding=\"async\" width=\"777\" height=\"695\" data-id=\"2171\" src=\"https:\/\/www.greenroom.at\/wp-content\/uploads\/2025\/07\/nox_ht_07.jpg\" alt=\"\" class=\"wp-image-2171\" srcset=\"https:\/\/www.greenroom.at\/wp-content\/uploads\/2025\/07\/nox_ht_07.jpg 777w, https:\/\/www.greenroom.at\/wp-content\/uploads\/2025\/07\/nox_ht_07-300x268.jpg 300w, https:\/\/www.greenroom.at\/wp-content\/uploads\/2025\/07\/nox_ht_07-768x687.jpg 768w, https:\/\/www.greenroom.at\/wp-content\/uploads\/2025\/07\/nox_ht_07-13x12.jpg 13w\" sizes=\"auto, (max-width: 767px) 89vw, (max-width: 1000px) 54vw, (max-width: 1071px) 543px, 580px\" \/><\/figure>\n\n\n\n<figure class=\"wp-block-image size-large\"><img loading=\"lazy\" decoding=\"async\" width=\"927\" height=\"695\" data-id=\"2167\" src=\"https:\/\/www.greenroom.at\/wp-content\/uploads\/2025\/07\/nox_ht_08.jpg\" alt=\"\" class=\"wp-image-2167\" srcset=\"https:\/\/www.greenroom.at\/wp-content\/uploads\/2025\/07\/nox_ht_08.jpg 927w, https:\/\/www.greenroom.at\/wp-content\/uploads\/2025\/07\/nox_ht_08-300x225.jpg 300w, https:\/\/www.greenroom.at\/wp-content\/uploads\/2025\/07\/nox_ht_08-768x576.jpg 768w, https:\/\/www.greenroom.at\/wp-content\/uploads\/2025\/07\/nox_ht_08-16x12.jpg 16w\" sizes=\"auto, (max-width: 767px) 89vw, (max-width: 1000px) 54vw, (max-width: 1071px) 543px, 580px\" \/><\/figure>\n<\/figure>\n\n\n\n<div class=\"wp-block-group alignfull\"><div class=\"wp-block-group__inner-container is-layout-flow wp-block-group-is-layout-flow\">\n<figure class=\"wp-block-image size-large\"><img loading=\"lazy\" decoding=\"async\" width=\"1024\" height=\"683\" src=\"https:\/\/www.greenroom.at\/wp-content\/uploads\/2025\/06\/nox_ht-1024x683.jpg\" alt=\"\" class=\"wp-image-2120\" srcset=\"https:\/\/www.greenroom.at\/wp-content\/uploads\/2025\/06\/nox_ht-1024x683.jpg 1024w, https:\/\/www.greenroom.at\/wp-content\/uploads\/2025\/06\/nox_ht-300x200.jpg 300w, https:\/\/www.greenroom.at\/wp-content\/uploads\/2025\/06\/nox_ht-768x512.jpg 768w, https:\/\/www.greenroom.at\/wp-content\/uploads\/2025\/06\/nox_ht-1536x1025.jpg 1536w, https:\/\/www.greenroom.at\/wp-content\/uploads\/2025\/06\/nox_ht-18x12.jpg 18w, https:\/\/www.greenroom.at\/wp-content\/uploads\/2025\/06\/nox_ht.jpg 1920w\" sizes=\"auto, (max-width: 767px) 89vw, (max-width: 1000px) 54vw, (max-width: 1071px) 543px, 580px\" \/><\/figure>\n<\/div><\/div>\n\n\n\n<div class=\"wp-block-buttons is-layout-flex wp-block-buttons-is-layout-flex\">\n<div class=\"wp-block-button is-style-outline is-style-outline--2\"><a class=\"wp-block-button__link wp-element-button\" href=\"https:\/\/www.greenroom.at\/bike-sale\">zur\u00fcck<\/a><\/div>\n<\/div>\n","protected":false},"excerpt":{"rendered":"<p>Ausstattung:<\/p>\n","protected":false},"author":1,"featured_media":0,"parent":0,"menu_order":0,"comment_status":"closed","ping_status":"closed","template":"","meta":{"footnotes":""},"class_list":["post-1906","page","type-page","status-publish","hentry"],"aioseo_notices":[],"_links":{"self":[{"href":"https:\/\/www.greenroom.at\/de\/wp-json\/wp\/v2\/pages\/1906","targetHints":{"allow":["GET"]}}],"collection":[{"href":"https:\/\/www.greenroom.at\/de\/wp-json\/wp\/v2\/pages"}],"about":[{"href":"https:\/\/www.greenroom.at\/de\/wp-json\/wp\/v2\/types\/page"}],"author":[{"embeddable":true,"href":"https:\/\/www.greenroom.at\/de\/wp-json\/wp\/v2\/users\/1"}],"replies":[{"embeddable":true,"href":"https:\/\/www.greenroom.at\/de\/wp-json\/wp\/v2\/comments?post=1906"}],"version-history":[{"count":9,"href":"https:\/\/www.greenroom.at\/de\/wp-json\/wp\/v2\/pages\/1906\/revisions"}],"predecessor-version":[{"id":2245,"href":"https:\/\/www.greenroom.at\/de\/wp-json\/wp\/v2\/pages\/1906\/revisions\/2245"}],"wp:attachment":[{"href":"https:\/\/www.greenroom.at\/de\/wp-json\/wp\/v2\/media?parent=1906"}],"curies":[{"name":"wp","href":"https:\/\/api.w.org\/{rel}","templated":true}]}}