{"id":69,"date":"2023-09-22T13:00:20","date_gmt":"2023-09-22T13:00:20","guid":{"rendered":"https:\/\/greenroom23.live-website.com\/?page_id=69"},"modified":"2025-12-09T18:43:48","modified_gmt":"2025-12-09T18:43:48","slug":"ski-board-verleih-mayrhofen","status":"publish","type":"page","link":"https:\/\/www.greenroom.at\/de\/ski-board-verleih-mayrhofen","title":{"rendered":"SKI &amp; SNOWBOARD VERLEIH"},"content":{"rendered":"\n<div style=\"height:66px\" aria-hidden=\"true\" class=\"wp-block-spacer\"><\/div>\n\n\n\n<div class=\"wp-block-media-text alignfull is-stacked-on-mobile is-vertically-aligned-center is-image-fill-element tw-block-animation tw-animation-fade-in\" style=\"grid-template-columns:45% auto\"><figure class=\"wp-block-media-text__media\"><img loading=\"lazy\" decoding=\"async\" width=\"536\" height=\"581\" src=\"https:\/\/www.greenroom.at\/wp-content\/uploads\/2025\/11\/spray.jpg\" alt=\"\" class=\"wp-image-2388 size-full\" style=\"object-position:50% 50%\" srcset=\"https:\/\/www.greenroom.at\/wp-content\/uploads\/2025\/11\/spray.jpg 536w, https:\/\/www.greenroom.at\/wp-content\/uploads\/2025\/11\/spray-277x300.jpg 277w, https:\/\/www.greenroom.at\/wp-content\/uploads\/2025\/11\/spray-11x12.jpg 11w\" sizes=\"auto, (max-width: 536px) 100vw, 536px\" \/><\/figure><div class=\"wp-block-media-text__content\">\n<h2 class=\"wp-block-heading has-text-align-center\"><strong>Bist du noch auf der Suche nach der passenden Ausr\u00fcstung f\u00fcr die perfekten Tage im Schnee? <\/strong><\/h2>\n\n\n\n<p class=\"has-text-align-center\">Egal ob Newcomer oder alter Hase, bei uns im Skiverleih und Snowboardverleih Mayrhofen findest du sicher das richtige Material f\u00fcr deinen Tag auf der Piste, im Powder oder im Park. <\/p>\n\n\n\n<div class=\"wp-block-buttons is-vertical is-content-justification-stretch is-nowrap is-layout-flex wp-container-core-buttons-is-layout-63760c98 wp-block-buttons-is-layout-flex\">\n<div class=\"wp-block-button has-custom-width wp-block-button__width-100 is-style-outline is-style-outline--1 tw-block-animation tw-animation-fade-in-up\"><a class=\"wp-block-button__link has-medium-font-size has-custom-font-size wp-element-button\" href=\"https:\/\/www.greenroom.at\/online-buchen\" style=\"border-radius:6px\">Ski &amp; Boards Online Buchen<\/a><\/div>\n\n\n\n<div class=\"wp-block-button has-custom-width wp-block-button__width-100 is-style-outline is-style-outline--2 tw-block-animation tw-animation-fade-in-up\"><a class=\"wp-block-button__link has-medium-font-size has-custom-font-size wp-element-button\" href=\"https:\/\/www.greenroom.at\/verleih-info\" style=\"border-radius:6px\">Skiverleih Infos<\/a><\/div>\n\n\n\n<div class=\"wp-block-button has-custom-width wp-block-button__width-100 is-style-outline is-style-outline--3 tw-block-animation tw-animation-fade-in-up\"><a class=\"wp-block-button__link has-medium-font-size has-custom-font-size wp-element-button\" href=\"https:\/\/www.greenroom.at\/kategorien-preise\" style=\"border-radius:6px\">Kategorien &amp; Preise<\/a><\/div>\n<\/div>\n<\/div><\/div>\n\n\n\n<div class=\"wp-block-group alignfull\"><div class=\"wp-block-group__inner-container is-layout-flow wp-block-group-is-layout-flow\">\n<div class=\"wp-block-columns tw-gutter-large is-layout-flex wp-container-core-columns-is-layout-9d6595d7 wp-block-columns-is-layout-flex\">\n<div class=\"wp-block-column is-layout-flow wp-block-column-is-layout-flow tw-block-animation tw-animation-fade-in\"><div class=\"wp-block-image is-style-default\">\n<figure class=\"aligncenter size-full is-resized tw-block-animation tw-animation-fade-in\"><img loading=\"lazy\" decoding=\"async\" width=\"196\" height=\"196\" src=\"https:\/\/www.greenroom.at\/wp-content\/uploads\/2024\/06\/ski_board.gif\" alt=\"\" class=\"wp-image-1669\" style=\"aspect-ratio:1;object-fit:cover;width:120px\"\/><\/figure>\n<\/div>\n\n\n<h1 class=\"wp-block-heading has-text-align-center\"><strong>SKI &amp; BOARDS<\/strong><\/h1>\n\n\n\n<p class=\"has-text-align-center\">Unsere Ski und Boards sind nicht nur das typische Verleihmaterial, sondern viele Artikel aus der Verkaufskollektion. Hier findest du jeden Shape f\u00fcr dein Bed\u00fcrfnis. Ob Rocker, Camber, Hybridcamber, Flat oder Flying V, Directional oder Twin, wir haben alles was das Herz begehrt. Neben unseren &#8222;normalen&#8220; Carvingskiern bieten wir auch eine gro\u00dfe Auswahl an Freestyleski und Freerideski.<\/p>\n<\/div>\n\n\n\n<div class=\"wp-block-column is-layout-flow wp-block-column-is-layout-flow tw-block-animation tw-animation-fade-in\"><div class=\"wp-block-image\">\n<figure class=\"aligncenter size-full is-resized tw-block-animation tw-animation-fade-in\"><img loading=\"lazy\" decoding=\"async\" width=\"196\" height=\"196\" src=\"https:\/\/www.greenroom.at\/wp-content\/uploads\/2024\/06\/skiboots.gif\" alt=\"\" class=\"wp-image-1670\" style=\"aspect-ratio:1;object-fit:cover;width:120px\"\/><\/figure>\n<\/div>\n\n\n<h1 class=\"wp-block-heading has-text-align-center\"><strong>BOOTS<\/strong><\/h1>\n\n\n\n<p class=\"has-text-align-center\">Besonderes Augenmerk legen wir auf die Auswahl der Schuhe und bieten sehr viele verschieden Modelle der obersten Klassen an, damit jeder den f\u00fcr sich passenden Schuh findet. Dies runden wir mit hochwertigen Einlegesohlen in den Verleihschuhen ab!<\/p>\n<\/div>\n<\/div>\n\n\n\n<div class=\"wp-block-columns tw-gutter-large is-layout-flex wp-container-core-columns-is-layout-9d6595d7 wp-block-columns-is-layout-flex\">\n<div class=\"wp-block-column is-layout-flow wp-block-column-is-layout-flow tw-block-animation tw-animation-fade-in\"><div class=\"wp-block-image\">\n<figure class=\"aligncenter size-full is-resized tw-block-animation tw-animation-fade-in\"><img loading=\"lazy\" decoding=\"async\" width=\"196\" height=\"196\" src=\"https:\/\/www.greenroom.at\/wp-content\/uploads\/2024\/06\/service.gif\" alt=\"\" class=\"wp-image-1671\" style=\"aspect-ratio:1;object-fit:cover;width:120px\"\/><\/figure>\n<\/div>\n\n\n<h1 class=\"wp-block-heading has-text-align-center\"><strong>SERVICE<\/strong><\/h1>\n\n\n\n<p class=\"has-text-align-center\">F\u00fcr uns ist es wichtig, dass du deine individuell perfekte Ausr\u00fcstung erh\u00e4ltst! Bring also ruhig ein bisschen Zeit zum Anprobieren mit. Guten Service und eine lockere Atmosph\u00e4re&nbsp;gibt es bei uns im Skiverleih und Snowboardverleih nat\u00fcrlich inklusive\u2026<\/p>\n<\/div>\n\n\n\n<div class=\"wp-block-column is-layout-flow wp-block-column-is-layout-flow tw-block-animation tw-animation-fade-in\"><div class=\"wp-block-image\">\n<figure class=\"aligncenter size-full is-resized tw-block-animation tw-animation-fade-in\"><img loading=\"lazy\" decoding=\"async\" width=\"196\" height=\"196\" src=\"https:\/\/www.greenroom.at\/wp-content\/uploads\/2024\/06\/brands.gif\" alt=\"\" class=\"wp-image-1672\" style=\"aspect-ratio:1;object-fit:cover;width:120px\"\/><\/figure>\n<\/div>\n\n\n<h1 class=\"wp-block-heading has-text-align-center\"><strong>BRANDS<\/strong><\/h1>\n\n\n\n<p class=\"has-text-align-center\"><em><strong>ATOMIC &#8211; ARMADA &#8211; BURTON &#8211; BATALEON &#8211; BLACK CROWS &#8211; FACTION &#8211; JONES &#8211; LINE &#8211; NIDECKER &#8211; V\u00d6LKL &#8211;<\/strong><\/em>&nbsp;<em><strong>SALOMON &#8211; RIDE &#8211; K2 &#8211; SCOTT<\/strong><\/em>&nbsp;<\/p>\n\n\n\n<p class=\"has-text-align-center\">Daneben findest du bei uns auch einige Boards &amp; Bindungen der aktuellen Saison zum Testen von u.a.<br><strong><em>\u00c4SMO<\/em><\/strong>, <em><strong>BATALEON<\/strong><\/em><strong><em>,<\/em><\/strong> <strong><em>NIDECKER (SUPERMATIC), <\/em><\/strong>&nbsp;<strong style=\"font-style: italic;\">SALOMON<\/strong> &amp; <em><strong>JONES<\/strong><\/em>&nbsp;<\/p>\n<\/div>\n<\/div>\n<\/div><\/div>\n\n\n\n<div style=\"height:63px\" aria-hidden=\"true\" class=\"wp-block-spacer\"><\/div>\n\n\n\n<hr class=\"wp-block-separator has-alpha-channel-opacity is-style-wide\"\/>\n\n\n\n<div style=\"height:63px\" aria-hidden=\"true\" class=\"wp-block-spacer\"><\/div>\n\n\n\n<h1 class=\"wp-block-heading has-text-align-center has-x-large-font-size tw-block-animation tw-animation-fade-in tw-duration-4\"><strong>Buche dein Wintersport Equipment online und spare dabei  10% des regul\u00e4ren Verleihpreises! <\/strong><\/h1>\n\n\n\n<div class=\"wp-block-buttons is-content-justification-center is-layout-flex wp-container-core-buttons-is-layout-16018d1d wp-block-buttons-is-layout-flex\">\n<div class=\"wp-block-button has-custom-width wp-block-button__width-100 is-style-fill tw-block-animation tw-animation-fade-in-up\"><a class=\"wp-block-button__link has-medium-font-size has-custom-font-size wp-element-button\" href=\"https:\/\/www.greenroom.at\/online-buchen\" style=\"border-radius:6px\"><strong>EQUIPEMENT ONLINE BUCHEN UND SPAREN !<\/strong><\/a><\/div>\n<\/div>\n\n\n\n<p class=\"has-text-align-center\"><\/p>\n","protected":false},"excerpt":{"rendered":"<p>SKI &amp; BOARDS Unsere Ski und Boards sind nicht nur das typische Verleihmaterial, sondern viele Artikel aus der Verkaufskollektion. Hier findest du jeden Shape f\u00fcr dein Bed\u00fcrfnis. Ob Rocker, Camber, Hybridcamber, Flat oder Flying V, Directional oder Twin, wir haben alles was das Herz begehrt. Neben unseren &#8222;normalen&#8220; Carvingskiern bieten wir auch eine gro\u00dfe Auswahl &hellip; <\/p>\n<p class=\"link-more\"><a href=\"https:\/\/www.greenroom.at\/de\/ski-board-verleih-mayrhofen\" class=\"more-link\"><span class=\"screen-reader-text\">\u201eSKI &amp; SNOWBOARD VERLEIH\u201c <\/span>weiterlesen<\/a><\/p>\n","protected":false},"author":1,"featured_media":1285,"parent":0,"menu_order":0,"comment_status":"closed","ping_status":"closed","template":"","meta":{"footnotes":""},"class_list":["post-69","page","type-page","status-publish","has-post-thumbnail","hentry"],"aioseo_notices":[],"_links":{"self":[{"href":"https:\/\/www.greenroom.at\/de\/wp-json\/wp\/v2\/pages\/69","targetHints":{"allow":["GET"]}}],"collection":[{"href":"https:\/\/www.greenroom.at\/de\/wp-json\/wp\/v2\/pages"}],"about":[{"href":"https:\/\/www.greenroom.at\/de\/wp-json\/wp\/v2\/types\/page"}],"author":[{"embeddable":true,"href":"https:\/\/www.greenroom.at\/de\/wp-json\/wp\/v2\/users\/1"}],"replies":[{"embeddable":true,"href":"https:\/\/www.greenroom.at\/de\/wp-json\/wp\/v2\/comments?post=69"}],"version-history":[{"count":87,"href":"https:\/\/www.greenroom.at\/de\/wp-json\/wp\/v2\/pages\/69\/revisions"}],"predecessor-version":[{"id":2445,"href":"https:\/\/www.greenroom.at\/de\/wp-json\/wp\/v2\/pages\/69\/revisions\/2445"}],"wp:featuredmedia":[{"embeddable":true,"href":"https:\/\/www.greenroom.at\/de\/wp-json\/wp\/v2\/media\/1285"}],"wp:attachment":[{"href":"https:\/\/www.greenroom.at\/de\/wp-json\/wp\/v2\/media?parent=69"}],"curies":[{"name":"wp","href":"https:\/\/api.w.org\/{rel}","templated":true}]}}