{"id":84,"date":"2023-09-22T13:13:53","date_gmt":"2023-09-22T13:13:53","guid":{"rendered":"https:\/\/greenroom23.live-website.com\/?page_id=84"},"modified":"2025-11-19T11:46:15","modified_gmt":"2025-11-19T11:46:15","slug":"verleih-info","status":"publish","type":"page","link":"https:\/\/www.greenroom.at\/de\/verleih-info","title":{"rendered":"Verleih Infos"},"content":{"rendered":"\n<div class=\"wp-block-media-text alignfull is-stacked-on-mobile is-vertically-aligned-center is-style-default tw-block-animation tw-animation-fade-in\"><figure class=\"wp-block-media-text__media\"><img loading=\"lazy\" decoding=\"async\" width=\"1024\" height=\"872\" src=\"https:\/\/www.greenroom.at\/wp-content\/uploads\/2025\/11\/skier-1024x872.jpg\" alt=\"\" class=\"wp-image-2390 size-full\" srcset=\"https:\/\/www.greenroom.at\/wp-content\/uploads\/2025\/11\/skier-1024x872.jpg 1024w, https:\/\/www.greenroom.at\/wp-content\/uploads\/2025\/11\/skier-300x256.jpg 300w, https:\/\/www.greenroom.at\/wp-content\/uploads\/2025\/11\/skier-768x654.jpg 768w, https:\/\/www.greenroom.at\/wp-content\/uploads\/2025\/11\/skier-14x12.jpg 14w, https:\/\/www.greenroom.at\/wp-content\/uploads\/2025\/11\/skier.jpg 1026w\" sizes=\"auto, (max-width: 767px) 89vw, (max-width: 1000px) 54vw, (max-width: 1071px) 543px, 580px\" \/><\/figure><div class=\"wp-block-media-text__content\">\n<h1 class=\"wp-block-heading has-text-align-center has-text-color\" style=\"color:#000000\"><strong>SKI &amp; SNOWBOARD<\/strong> <strong>VERLEIH<\/strong><\/h1>\n\n\n\n<blockquote class=\"wp-block-quote is-layout-flow wp-block-quote-is-layout-flow\">\n<p class=\"has-text-align-center\" style=\"font-size:23px\">Ob Ski oder Board &#8211; Wir haben f\u00fcr Anf\u00e4nger bis Experten das passende Material zur Auswahl! <\/p>\n<\/blockquote>\n<\/div><\/div>\n\n\n\n<div class=\"wp-block-columns alignfull are-vertically-aligned-top has-text-color has-background is-layout-flex wp-container-core-columns-is-layout-9d6595d7 wp-block-columns-is-layout-flex tw-block-animation tw-animation-fade-in\" style=\"color:#000000;background-color:#d1dce621\">\n<div class=\"wp-block-column is-vertically-aligned-top is-layout-flow wp-block-column-is-layout-flow\">\n<h3 class=\"wp-block-heading has-text-align-left\" style=\"font-size:24px;line-height:1.3\"><strong>Alpinski &amp; AllMountain<\/strong><\/h3>\n\n\n\n<p>In unserem Skiverleih findest du alles, was du f\u00fcr dein Fahrvergn\u00fcgen brauchst. Unser Material haben wir in 4 Kategorien eingeteilt. Standard, Top, VIP sowie Platin Skis stehen bestens pr\u00e4pariert f\u00fcr dich bereit. In unserem Skiverleih befinden sich zu 90 % Ski und Schuhe aus der laufenden Saison!<\/p>\n<\/div>\n\n\n\n<div class=\"wp-block-column is-vertically-aligned-top is-layout-flow wp-block-column-is-layout-flow\">\n<h3 class=\"wp-block-heading\" style=\"font-size:24px;line-height:1.3\"><strong>Snowboards <\/strong><\/h3>\n\n\n\n<p>Unsere Snowboards und Bindungen in den Kategorien Premium und Superior sind kein \u00fcbliches Verleihmaterial, sondern Equipment aus dem normalen Verkauf. Der Vorteil ist, dass man sich nicht mit schwerem \u201eGer\u00e4t\u201c begn\u00fcgen muss, sondern seinen Urlaub mit dem besten, am Markt erh\u00e4ltlichen, Material verbringen kann. In der Superior Kategorie sind auf Anfrage auch Step-In Bindungs-Systeme (Supermatic) und Fast Entry Systeme erh\u00e4ltlich.<\/p>\n<\/div>\n\n\n\n<div class=\"wp-block-column is-vertically-aligned-top is-layout-flow wp-block-column-is-layout-flow\">\n<h3 class=\"wp-block-heading\" style=\"font-size:24px;line-height:1.3\"><strong>Freeski<\/strong><\/h3>\n\n\n\n<p>Wenn du dich eher im Park oder im Backcountry aufh\u00e4ltst, solltest du unsere Freestyle-, bzw. Freerideski leihen. Hier haben wir die neuesten TwinTips und Tiefschneeski von einer Breite unter der Bindung von 85 mm bis hin zu 130 mm! Hier sind dem maximalen Spa\u00df keine Grenzen gesetzt!<\/p>\n<\/div>\n<\/div>\n\n\n\n<div class=\"wp-block-columns alignfull has-text-color has-background is-layout-flex wp-container-core-columns-is-layout-9d6595d7 wp-block-columns-is-layout-flex tw-block-animation tw-animation-fade-in\" style=\"color:#000000;background-color:#d1dce621\">\n<div class=\"wp-block-column is-layout-flow wp-block-column-is-layout-flow\">\n<h3 class=\"wp-block-heading\" style=\"font-size:24px;line-height:1.3\"><strong>Kids\/Youth<\/strong><\/h3>\n\n\n\n<p>F\u00fcr unsere kleinen Shreadheads haben wir eigene Ski und Boards bis zu einer l\u00e4nge von 140 cm. Das Material ist extra auf die Bed\u00fcrfnisse der jungen Wilden abgestimmt.<\/p>\n<\/div>\n\n\n\n<div class=\"wp-block-column is-layout-flow wp-block-column-is-layout-flow\">\n<h3 class=\"wp-block-heading\" style=\"font-size:24px;line-height:1.3\"><strong>Splitboards <\/strong><\/h3>\n\n\n\n<p>Erlebe die Freiheit ohne Wartezeiten an den Liften. Komplette Splitboard-Sets (inkl. Felle, Teleskop-St\u00f6cke und Harscheisen) von Jones Snowboards&nbsp;im Verleih erh\u00e4ltlich.<\/p>\n<\/div>\n\n\n\n<div class=\"wp-block-column is-layout-flow wp-block-column-is-layout-flow\">\n<h3 class=\"wp-block-heading\" style=\"font-size:24px;line-height:1.3\"><\/h3>\n<\/div>\n<\/div>\n\n\n\n<div class=\"wp-block-group alignfull\"><div class=\"wp-block-group__inner-container is-layout-flow wp-block-group-is-layout-flow\">\n<div class=\"wp-block-columns alignwide tw-gutter-large is-layout-flex wp-container-core-columns-is-layout-9d6595d7 wp-block-columns-is-layout-flex\">\n<div class=\"wp-block-column is-layout-flow wp-block-column-is-layout-flow\">\n<h3 class=\"wp-block-heading has-large-font-size\"><strong>Bezahlung<\/strong><\/h3>\n\n\n\n<ul class=\"wp-block-list is-style-tw-border-inner\">\n<li>Der gesamte Verleihpreis kann direkt bei uns im Verleih in bar oder per Kreditkarte bezahlt werden. Hast du dein Material bereits per PayPal oder Vorkasse von zu Hause aus bezahlt, bringe nach M\u00f6glichkeit bitte einen Zahlungsbeleg zur Abholung mit.<\/li>\n<\/ul>\n<\/div>\n\n\n\n<div class=\"wp-block-column is-layout-flow wp-block-column-is-layout-flow\">\n<h3 class=\"wp-block-heading has-large-font-size\"><strong><strong>Wo findest du uns?<\/strong><\/strong><\/h3>\n\n\n\n<ul class=\"wp-block-list is-style-tw-border-inner\">\n<li>Der Shop befindet sich in der&nbsp;<strong>Scheulingstr. 371 in Mayrhofen<\/strong>&nbsp;&#8211; schr\u00e4g gegen\u00fcber vom&nbsp;<strong>Scotland Yard Pub<\/strong>&nbsp;im Zentrum von Mayrhofen.<a href=\"https:\/\/www.greenroom.at\/wp-content\/uploads\/2023\/12\/LEIHBEDINGUNGENde_en.pdf\" target=\"_blank\" rel=\"noreferrer noopener\">LEIHBEDINGUNGENde_en<\/a>&nbsp; &nbsp; &nbsp; &nbsp; &nbsp; &nbsp; &nbsp; &nbsp; &nbsp;<\/li>\n<\/ul>\n<\/div>\n\n\n\n<div class=\"wp-block-column is-layout-flow wp-block-column-is-layout-flow\">\n<h3 class=\"wp-block-heading has-large-font-size\"><strong><strong>\u00c4nderungen &amp; Stornierung<\/strong><\/strong><\/h3>\n\n\n\n<ul class=\"wp-block-list is-style-tw-border-inner\">\n<li>F\u00fcr \u00c4nderungen oder Stornierung deiner Reservierung kontaktiere uns bitte einfach per email (<a href=\"mailto:info@greenroom.at\">info@greenroom.at<\/a>) oder telefonsich unter&nbsp;<br>+43 (0) 5285 63567<\/li>\n<\/ul>\n<\/div>\n<\/div>\n\n\n\n<div class=\"wp-block-columns alignwide tw-gutter-large is-layout-flex wp-container-core-columns-is-layout-9d6595d7 wp-block-columns-is-layout-flex\">\n<div class=\"wp-block-column is-layout-flow wp-block-column-is-layout-flow\">\n<h3 class=\"wp-block-heading has-large-font-size\"><strong>Abholung &amp; R\u00fcckgabe<\/strong><\/h3>\n\n\n\n<ul class=\"wp-block-list is-style-tw-border-inner\">\n<li>Das Material kann am ersten Verleihtag zwischen 8:30 und 18:00 Uhr in unserem Gesch\u00e4ft in der Scheulingstra\u00dfe 371 in Mayrhofen abgeholt werden. Es besteht auch die M\u00f6glichkeit das Material am Vortag ab 14 Uhr abzuholen. Die R\u00fcckgabe sollte bis sp\u00e4testens 18:00 Uhr am letzten Verleihtag erfolgen.<\/li>\n\n\n\n<li>Solltest du dein Leihmaterial wiedererwartet nicht bis 18:00 am ersten Verleihtag abholen k\u00f6nnen, so gib uns bitte telefonisch dar\u00fcber Bescheid. Wir bitten um Verst\u00e4ndnis daf\u00fcr, dass Reservierungen ohne Anzahlung sonst nach 18:00 Uhr verfallen<\/li>\n<\/ul>\n<\/div>\n\n\n\n<div class=\"wp-block-column is-layout-flow wp-block-column-is-layout-flow\">\n<h3 class=\"wp-block-heading has-large-font-size\"><strong>Versicherung<\/strong><\/h3>\n\n\n\n<ul class=\"wp-block-list is-style-tw-border-inner\">\n<li>Wir bieten dir die M\u00f6glichkeit eine Haftungsvereinbarung mit uns abzuschlie\u00dfen, damit dein Verleihmaterial bei Bruch zu 100 % abgesichert ist und bei Diebstahl zu 75 %. Hierf\u00fcr berechnen wir dir 10 % der Gesamtverleihsumme. Bitte beachte, dass die Haftungsvereinbarung bez\u00fcglich Bruchs nur greift, wenn das Material ordnungsgem\u00e4\u00df genutzt wurde, dh bei Nutzung au\u00dferhalb der gesicherten Pisten greift die Haftungsvereinbarung nicht! Im Falle eines Diebstahls ben\u00f6tigen wir einen Bericht der lokalen Polizeibeh\u00f6rde und du zahlst 25 % Selbstbehalt. Die H\u00f6he des Selbstbehalts richtet sich nach der Kategorie deiner Verleihausr\u00fcstung und dem Zeitwert. Detaillierte Informationen hierzu findest du hier:<br><a href=\"https:\/\/www.greenroom.at\/wp-content\/uploads\/2023\/12\/LEIHBEDINGUNGENde_en.pdf\" target=\"_blank\" rel=\"noreferrer noopener\">LEIHBEDINGUNGENde_en<\/a>&nbsp; &nbsp; &nbsp; &nbsp; &nbsp; &nbsp; &nbsp; &nbsp; &nbsp;<\/li>\n<\/ul>\n<\/div>\n\n\n\n<div class=\"wp-block-column is-layout-flow wp-block-column-is-layout-flow\">\n<h3 class=\"wp-block-heading has-large-font-size\"><strong>Nicht Vergessen<\/strong><\/h3>\n\n\n\n<ul class=\"wp-block-list is-style-tw-border-inner\">\n<li>Solltest du eigene Ski- oder Snowboardboots verwenden, denke bitte daran, diese unbedingt zur Abholung mitzubringen. Nur so kann die Bindung optimal auf deine Schuhe eingestellt werden. Zur Anprobe von Verleihboots denke bitte wenn m\u00f6glich an deine Skisocken.<\/li>\n<\/ul>\n<\/div>\n<\/div>\n<\/div><\/div>\n","protected":false},"excerpt":{"rendered":"<p>Alpinski &amp; AllMountain In unserem Skiverleih findest du alles, was du f\u00fcr dein Fahrvergn\u00fcgen brauchst. Unser Material haben wir in 4 Kategorien eingeteilt. Standard, Top, VIP sowie Platin Skis stehen bestens pr\u00e4pariert f\u00fcr dich bereit. In unserem Skiverleih befinden sich zu 90 % Ski und Schuhe aus der laufenden Saison! Snowboards Unsere Snowboards und Bindungen &hellip; <\/p>\n<p class=\"link-more\"><a href=\"https:\/\/www.greenroom.at\/de\/verleih-info\" class=\"more-link\"><span class=\"screen-reader-text\">\u201eVerleih Infos\u201c <\/span>weiterlesen<\/a><\/p>\n","protected":false},"author":1,"featured_media":0,"parent":0,"menu_order":0,"comment_status":"closed","ping_status":"closed","template":"","meta":{"footnotes":""},"class_list":["post-84","page","type-page","status-publish","hentry"],"aioseo_notices":[],"_links":{"self":[{"href":"https:\/\/www.greenroom.at\/de\/wp-json\/wp\/v2\/pages\/84","targetHints":{"allow":["GET"]}}],"collection":[{"href":"https:\/\/www.greenroom.at\/de\/wp-json\/wp\/v2\/pages"}],"about":[{"href":"https:\/\/www.greenroom.at\/de\/wp-json\/wp\/v2\/types\/page"}],"author":[{"embeddable":true,"href":"https:\/\/www.greenroom.at\/de\/wp-json\/wp\/v2\/users\/1"}],"replies":[{"embeddable":true,"href":"https:\/\/www.greenroom.at\/de\/wp-json\/wp\/v2\/comments?post=84"}],"version-history":[{"count":47,"href":"https:\/\/www.greenroom.at\/de\/wp-json\/wp\/v2\/pages\/84\/revisions"}],"predecessor-version":[{"id":2392,"href":"https:\/\/www.greenroom.at\/de\/wp-json\/wp\/v2\/pages\/84\/revisions\/2392"}],"wp:attachment":[{"href":"https:\/\/www.greenroom.at\/de\/wp-json\/wp\/v2\/media?parent=84"}],"curies":[{"name":"wp","href":"https:\/\/api.w.org\/{rel}","templated":true}]}}