{"id":93,"date":"2023-09-22T13:15:25","date_gmt":"2023-09-22T13:15:25","guid":{"rendered":"https:\/\/greenroom23.live-website.com\/?page_id=93"},"modified":"2025-11-19T16:05:49","modified_gmt":"2025-11-19T16:05:49","slug":"testcenter","status":"publish","type":"page","link":"https:\/\/www.greenroom.at\/de\/testcenter","title":{"rendered":"Testcenter"},"content":{"rendered":"\n<div class=\"wp-block-media-text alignfull is-stacked-on-mobile is-vertically-aligned-center is-image-fill-element tw-block-animation tw-animation-fade-in\" style=\"grid-template-columns:38% auto\"><figure class=\"wp-block-media-text__media\"><img loading=\"lazy\" decoding=\"async\" width=\"714\" height=\"714\" src=\"https:\/\/www.greenroom.at\/wp-content\/uploads\/2025\/06\/teaser_brandlogos_testventer_neu-1.jpg\" alt=\"\" class=\"wp-image-2161 size-full\" style=\"object-position:50% 50%\" srcset=\"https:\/\/www.greenroom.at\/wp-content\/uploads\/2025\/06\/teaser_brandlogos_testventer_neu-1.jpg 714w, https:\/\/www.greenroom.at\/wp-content\/uploads\/2025\/06\/teaser_brandlogos_testventer_neu-1-300x300.jpg 300w, https:\/\/www.greenroom.at\/wp-content\/uploads\/2025\/06\/teaser_brandlogos_testventer_neu-1-150x150.jpg 150w, https:\/\/www.greenroom.at\/wp-content\/uploads\/2025\/06\/teaser_brandlogos_testventer_neu-1-12x12.jpg 12w, https:\/\/www.greenroom.at\/wp-content\/uploads\/2025\/06\/teaser_brandlogos_testventer_neu-1-100x100.jpg 100w\" sizes=\"auto, (max-width: 714px) 100vw, 714px\" \/><\/figure><div class=\"wp-block-media-text__content\">\n<h2 class=\"wp-block-heading has-text-align-center\"><strong>In unserem Winter- Testcenter steht Dir ein breites Angebot an Freeride- und Freestyleski sowie Snowboards und Pow-Surfer der aktuellen Saison zum testen zur Verf\u00fcgung. <\/strong><br>Dabei sind Brands wie u.a.&nbsp;\u00c4SMO, Bataleon,&nbsp;Faction,&nbsp;Jones Snowboards, Salomon&nbsp;u.v.m ! Neu im Test: Snowboard Step-In und Fast Entry Bindungs-Systeme (Supermatic &amp; FASE)<\/h2>\n<\/div><\/div>\n\n\n\n<div style=\"height:100px\" aria-hidden=\"true\" class=\"wp-block-spacer\"><\/div>\n\n\n\n<div class=\"wp-block-group alignfull tw-block-animation tw-animation-fade-in\"><div class=\"wp-block-group__inner-container is-layout-flow wp-block-group-is-layout-flow\">\n<div class=\"wp-block-columns alignwide tw-gutter-large is-layout-flex wp-container-core-columns-is-layout-9d6595d7 wp-block-columns-is-layout-flex\">\n<div class=\"wp-block-column is-layout-flow wp-block-column-is-layout-flow\">\n<h3 class=\"wp-block-heading\"><\/h3>\n\n\n\n<p class=\"has-text-align-center\">Du hast dich noch nicht entschieden, ob das neue Board ein Rocker- oder Camber Shape haben soll? Oder doch besser eines mit Triple Base?<\/p>\n\n\n\n<p class=\"has-text-align-center\">Vielleicht haderst du noch zwischen einem All-Mountain- und einem Park Ski? Welche Gr\u00f6\u00dfe vom Bike passt besser zu mir? Fragen \u00fcber Fragen stellen sich vor dem Kauf von neuem Material und die heutige Vielfalt an Produkten macht die Entscheidung oft nicht wirklich einfacher. Der beste Weg das perfekte Material zu finden, ist es selbst auszuprobieren. Also komm vorbei und lass dich beraten!<\/p>\n<\/div>\n\n\n\n<div class=\"wp-block-column is-layout-flow wp-block-column-is-layout-flow\">\n<h3 class=\"wp-block-heading\"><\/h3>\n\n\n\n<p class=\"has-text-align-center\">Entscheidest du dich nach der Testphase (maximal 2 Tage) zum Kauf eines Paar Ski oder eines Snowboards bei uns im Greenroom Shop ist der Test nat\u00fcrlich kostenfrei.<\/p>\n\n\n\n<p class=\"has-text-align-center\">Ansonsten verrechnen wir eine Verleihgeb\u00fchr. F\u00fcr weitere Infos \u00fcber unser Testcenter und die verf\u00fcgbaren Modelle schreibe uns bitte eine Nachricht \u00fcber\u00b4s <a href=\"https:\/\/greenroom23.live-website.com\/kontakt\">Kontaktformular<\/a>!<\/p>\n<\/div>\n<\/div>\n<\/div><\/div>\n","protected":false},"excerpt":{"rendered":"<p>In unserem Winter- Testcenter steht Dir ein breites Angebot an Freeride- und Freestyleski sowie Snowboards und Pow-Surfer der aktuellen Saison zum testen zur Verf\u00fcgung. Dabei sind Brands wie u.a.&nbsp;\u00c4SMO, Bataleon,&nbsp;Faction,&nbsp;Jones Snowboards, Salomon&nbsp;u.v.m ! Neu im Test: Snowboard Step-In und Fast Entry Bindungs-Systeme (Supermatic &amp; FASE) Du hast dich noch nicht entschieden, ob das neue Board &hellip; <\/p>\n<p class=\"link-more\"><a href=\"https:\/\/www.greenroom.at\/de\/testcenter\" class=\"more-link\"><span class=\"screen-reader-text\">\u201eTestcenter\u201c <\/span>weiterlesen<\/a><\/p>\n","protected":false},"author":1,"featured_media":1285,"parent":0,"menu_order":0,"comment_status":"closed","ping_status":"closed","template":"","meta":{"footnotes":""},"class_list":["post-93","page","type-page","status-publish","has-post-thumbnail","hentry"],"aioseo_notices":[],"_links":{"self":[{"href":"https:\/\/www.greenroom.at\/de\/wp-json\/wp\/v2\/pages\/93","targetHints":{"allow":["GET"]}}],"collection":[{"href":"https:\/\/www.greenroom.at\/de\/wp-json\/wp\/v2\/pages"}],"about":[{"href":"https:\/\/www.greenroom.at\/de\/wp-json\/wp\/v2\/types\/page"}],"author":[{"embeddable":true,"href":"https:\/\/www.greenroom.at\/de\/wp-json\/wp\/v2\/users\/1"}],"replies":[{"embeddable":true,"href":"https:\/\/www.greenroom.at\/de\/wp-json\/wp\/v2\/comments?post=93"}],"version-history":[{"count":33,"href":"https:\/\/www.greenroom.at\/de\/wp-json\/wp\/v2\/pages\/93\/revisions"}],"predecessor-version":[{"id":2410,"href":"https:\/\/www.greenroom.at\/de\/wp-json\/wp\/v2\/pages\/93\/revisions\/2410"}],"wp:featuredmedia":[{"embeddable":true,"href":"https:\/\/www.greenroom.at\/de\/wp-json\/wp\/v2\/media\/1285"}],"wp:attachment":[{"href":"https:\/\/www.greenroom.at\/de\/wp-json\/wp\/v2\/media?parent=93"}],"curies":[{"name":"wp","href":"https:\/\/api.w.org\/{rel}","templated":true}]}}