{"id":11,"date":"2023-09-15T14:09:22","date_gmt":"2023-09-15T14:09:22","guid":{"rendered":"https:\/\/greenroom23.live-website.com\/?page_id=11"},"modified":"2025-11-19T15:55:13","modified_gmt":"2025-11-19T15:55:13","slug":"dein-bike-verleih-in-mayrhofen","status":"publish","type":"page","link":"https:\/\/www.greenroom.at\/en\/dein-bike-verleih-in-mayrhofen","title":{"rendered":"YOUR BIKE RENTAL IN MAYRHOFEN!"},"content":{"rendered":"<div class=\"wp-block-media-text alignfull is-stacked-on-mobile is-vertically-aligned-center is-image-fill-element tw-block-animation tw-animation-fade-in\"><figure class=\"wp-block-media-text__media\"><img loading=\"lazy\" decoding=\"async\" width=\"1024\" height=\"743\" src=\"https:\/\/www.greenroom.at\/wp-content\/uploads\/2025\/11\/bike-1024x743.jpg\" alt=\"\" class=\"wp-image-2393 size-full\" style=\"object-position:10% 10%\" srcset=\"https:\/\/www.greenroom.at\/wp-content\/uploads\/2025\/11\/bike-1024x743.jpg 1024w, https:\/\/www.greenroom.at\/wp-content\/uploads\/2025\/11\/bike-300x218.jpg 300w, https:\/\/www.greenroom.at\/wp-content\/uploads\/2025\/11\/bike-768x557.jpg 768w, https:\/\/www.greenroom.at\/wp-content\/uploads\/2025\/11\/bike-18x12.jpg 18w, https:\/\/www.greenroom.at\/wp-content\/uploads\/2025\/11\/bike.jpg 1440w\" sizes=\"auto, (max-width: 767px) 89vw, (max-width: 1000px) 54vw, (max-width: 1071px) 543px, 580px\" \/><\/figure><div class=\"wp-block-media-text__content\">\n<h1 class=\"wp-block-heading has-text-align-center\"><strong>The Ziller Valley is full of beautiful bike routes and trails for all skill levels.<\/strong> <\/h1>\n\n\n\n<p class=\"has-text-align-center\">Experience the endless range of our valley \u2013 with or without electric engine support! -We have a wide range of mountain bikes available for you in our store. We also offer bike trailers and child seats for the very little ones, so the kids can safely join you anywhere. Not even dogs need to stay at home - we can provide special dog trailers.<\/p>\n\n\n\n<div class=\"wp-block-buttons is-layout-flex wp-block-buttons-is-layout-flex\">\n<div class=\"wp-block-button has-custom-width wp-block-button__width-100 is-style-outline is-style-outline--1 tw-block-animation tw-animation-fade-in-up\"><a class=\"wp-block-button__link has-medium-font-size has-custom-font-size wp-element-button\" href=\"https:\/\/www.greenroom.at\/en\/preise\/\" style=\"border-radius:6px\">Bikes &amp; prices<\/a><\/div>\n\n\n\n<div class=\"wp-block-button has-custom-width wp-block-button__width-100 is-style-outline is-style-outline--2 tw-block-animation tw-animation-fade-in-up\"><a class=\"wp-block-button__link has-medium-font-size has-custom-font-size wp-element-button\" href=\"https:\/\/www.greenroom.at\/en\/verleih-anfrage\/\" style=\"border-radius:7px\">Booking Request<\/a><\/div>\n\n\n\n<div class=\"wp-block-button has-custom-width wp-block-button__width-100 is-style-outline is-style-outline--3 tw-block-animation tw-animation-fade-in-up\"><a class=\"wp-block-button__link has-medium-font-size has-custom-font-size wp-element-button\" href=\"https:\/\/www.greenroom.at\/en\/bike-sale\/\" style=\"border-radius:6px\">Bike sale<\/a><\/div>\n\n\n\n<div class=\"wp-block-button has-custom-width wp-block-button__width-100 is-style-outline is-style-outline--4\"><a class=\"wp-block-button__link has-medium-font-size has-custom-font-size wp-element-button\" href=\"https:\/\/www.greenroom.at\/en\/biketouren\/\" style=\"border-radius:6px\">Biketouren<\/a><\/div>\n<\/div>\n<\/div><\/div>\n\n\n\n<div style=\"height:72px\" aria-hidden=\"true\" class=\"wp-block-spacer\"><\/div>\n\n\n\n<div class=\"wp-block-group alignfull\"><div class=\"wp-block-group__inner-container is-layout-flow wp-block-group-is-layout-flow\">\n<div class=\"wp-block-columns tw-gutter-large is-layout-flex wp-container-core-columns-is-layout-9d6595d7 wp-block-columns-is-layout-flex\">\n<div class=\"wp-block-column is-layout-flow wp-block-column-is-layout-flow\"><div class=\"wp-block-image\">\n<figure class=\"aligncenter size-full is-resized tw-block-animation tw-animation-fade-in\"><img loading=\"lazy\" decoding=\"async\" width=\"196\" height=\"196\" src=\"https:\/\/www.greenroom.at\/wp-content\/uploads\/2024\/06\/lieferservice.gif\" alt=\"\" class=\"wp-image-1660\" style=\"aspect-ratio:1;object-fit:cover;width:120px\"\/><\/figure>\n<\/div>\n\n\n<h1 class=\"wp-block-heading has-text-align-center\"><strong>DELIVERY SERVICE<\/strong><\/h1>\n\n\n\n<p class=\"has-text-align-center\">For an additional fee, we can deliver your rental bikes directly to your accommodation (Minimum rental period 2 days, costs vary depending on distance).\nPlease check regarding this service in advance.<\/p>\n<\/div>\n\n\n\n<div class=\"wp-block-column is-layout-flow wp-block-column-is-layout-flow\"><div class=\"wp-block-image\">\n<figure class=\"aligncenter size-full is-resized tw-block-animation tw-animation-fade-in\"><img loading=\"lazy\" decoding=\"async\" width=\"196\" height=\"196\" src=\"https:\/\/www.greenroom.at\/wp-content\/uploads\/2024\/06\/reparaturservice.gif\" alt=\"\" class=\"wp-image-1661\" style=\"aspect-ratio:1;object-fit:cover;width:120px\"\/><\/figure>\n<\/div>\n\n\n<h1 class=\"wp-block-heading has-text-align-center\"><strong>REPAIR SERVICE<\/strong><\/h1>\n\n\n\n<p class=\"has-text-align-center\">We also gladly carry out various repairs and service on your private bike.<\/p>\n<\/div>\n<\/div>\n<\/div><\/div>\n\n\n\n<hr class=\"wp-block-separator has-alpha-channel-opacity is-style-wide\"\/>\n\n\n\n<h2 class=\"wp-block-heading has-text-align-center\">BIKEGUIDE ZILLERTAL<\/h2>\n\n\n\n<div class=\"wp-block-media-text alignfull is-stacked-on-mobile is-vertically-aligned-center tw-block-animation tw-animation-fade-in\" style=\"grid-template-columns:35% auto\"><figure class=\"wp-block-media-text__media\"><img loading=\"lazy\" decoding=\"async\" width=\"500\" height=\"550\" src=\"https:\/\/greenroom23.live-website.com\/wp-content\/uploads\/2023\/09\/teaser_bike_guide.jpg\" alt=\"\" class=\"wp-image-384 size-full\" srcset=\"https:\/\/www.greenroom.at\/wp-content\/uploads\/2023\/09\/teaser_bike_guide.jpg 500w, https:\/\/www.greenroom.at\/wp-content\/uploads\/2023\/09\/teaser_bike_guide-273x300.jpg 273w, https:\/\/www.greenroom.at\/wp-content\/uploads\/2023\/09\/teaser_bike_guide-11x12.jpg 11w\" sizes=\"auto, (max-width: 500px) 100vw, 500px\" \/><\/figure><div class=\"wp-block-media-text__content\">\n<p class=\"has-text-align-center\"><strong>You are a MTB or e-bike beginner wanting to learn basic techniques such as correct positioning on your bike, how to braking and taking a turn etc.? <\/strong><\/p>\n\n\n\n<p class=\"has-text-align-center\">Then Bikeguide Zillertal Stefan Kr\u00f6ll is the right person for you. He will introduce you to the correct and safe biking technique step by step with various exercises. The result: guaranteed more fun on the trail...<\/p>\n<\/div><\/div>\n\n\n\n<ul class=\"wp-block-list\">\n<li class=\"tw-block-animation tw-animation-fade-in\">Tours of all different skill levels - from beginner to professionals<\/li>\n\n\n\n<li class=\"tw-block-animation tw-animation-fade-in\">Private tours individually tailored to you<\/li>\n\n\n\n<li class=\"tw-block-animation tw-animation-fade-in\">Tips on riding technique and equipment<\/li>\n\n\n\n<li class=\"tw-block-animation tw-animation-fade-in\">Detailed tour planning by your bike guide - don't worry about \"anything<\/li>\n\n\n\n<li class=\"tw-block-animation tw-animation-fade-in\">Safe on tour \u2013 what to do when breaking down or a crash happened<\/li>\n<\/ul>\n\n\n\n<div class=\"wp-block-media-text is-stacked-on-mobile tw-block-animation tw-animation-fade-in\" style=\"grid-template-columns:15% auto\"><figure class=\"wp-block-media-text__media\"><img loading=\"lazy\" decoding=\"async\" width=\"117\" height=\"132\" src=\"https:\/\/greenroom23.live-website.com\/wp-content\/uploads\/2023\/09\/steve.png\" alt=\"\" class=\"wp-image-231 size-full\"\/><\/figure><div class=\"wp-block-media-text__content\">\n<p><strong>You can find more information and prices directly from our guide and partner Stefan Kr\u00f6ll at bikeguide-zillertal.at&nbsp;<\/strong><\/p>\n\n\n\n<p><strong><a href=\"https:\/\/www.bikeguide-zillertal.at\/\" target=\"_blank\" rel=\"noreferrer noopener\">bikeguide-zillertal.at<\/a><\/strong><\/p>\n<\/div><\/div>\n\n\n\n<hr class=\"wp-block-separator has-alpha-channel-opacity is-style-wide\"\/>\n\n\n\n<h2 class=\"wp-block-heading has-text-align-center\">Bike Tours<\/h2>\n\n\n\n<div class=\"wp-block-media-text is-stacked-on-mobile tw-block-animation tw-animation-fade-in\" style=\"grid-template-columns:23% auto\"><figure class=\"wp-block-media-text__media\"><img loading=\"lazy\" decoding=\"async\" width=\"304\" height=\"326\" src=\"https:\/\/www.greenroom.at\/wp-content\/uploads\/2024\/06\/bike_navigation.jpg\" alt=\"\" class=\"wp-image-1610 size-full\" srcset=\"https:\/\/www.greenroom.at\/wp-content\/uploads\/2024\/06\/bike_navigation.jpg 304w, https:\/\/www.greenroom.at\/wp-content\/uploads\/2024\/06\/bike_navigation-280x300.jpg 280w, https:\/\/www.greenroom.at\/wp-content\/uploads\/2024\/06\/bike_navigation-11x12.jpg 11w\" sizes=\"auto, (max-width: 304px) 100vw, 304px\" \/><\/figure><div class=\"wp-block-media-text__content\">\n<p class=\"has-text-align-center\">we collected some classic tours around mayrhofen for your <strong>KOMOOT<\/strong> navigation app<\/p>\n\n\n\n<div class=\"wp-block-buttons is-layout-flex wp-block-buttons-is-layout-flex\">\n<div class=\"wp-block-button has-custom-width wp-block-button__width-100 is-style-outline is-style-outline--5 tw-block-animation tw-animation-fade-in-up\"><a class=\"wp-block-button__link has-medium-font-size has-custom-font-size wp-element-button\" href=\"https:\/\/www.greenroom.at\/en\/biketouren\/\" style=\"border-radius:6px\">get the tours<\/a><\/div>\n<\/div>\n<\/div><\/div>\n\n\n\n<hr class=\"wp-block-separator has-alpha-channel-opacity is-style-wide\"\/>\n\n\n\n<p><\/p>","protected":false},"excerpt":{"rendered":"<p>LIEFERSERVICE Auf Wunsch liefern wir euch die Bikes gegen eine Geb\u00fchr direkt zu eurer Unterkunft. (Mindestverleihdauer von 2 Tagen, Kosten variieren je nach Entfernung) Wir bitten euch dies vorab mit uns abzukl\u00e4ren. REPARATURSERVICE Gerne \u00fcbernehmen wir auch diverse Reparatur- und Servicearbeiten an deinem Privatbike. BIKEGUIDE ZILLERTAL Du bist Anf\u00e4nger am MTB oder E-Bike und willst &hellip; <\/p>\n<p class=\"link-more\"><a href=\"https:\/\/www.greenroom.at\/en\/dein-bike-verleih-in-mayrhofen\" class=\"more-link\">Continue reading<span class=\"screen-reader-text\"> &#8222;DEIN BIKE-VERLEIH IN MAYRHOFEN!&#8220;<\/span><\/a><\/p>","protected":false},"author":1,"featured_media":1284,"parent":0,"menu_order":0,"comment_status":"closed","ping_status":"closed","template":"","meta":{"footnotes":""},"class_list":["post-11","page","type-page","status-publish","has-post-thumbnail","hentry"],"aioseo_notices":[],"_links":{"self":[{"href":"https:\/\/www.greenroom.at\/en\/wp-json\/wp\/v2\/pages\/11","targetHints":{"allow":["GET"]}}],"collection":[{"href":"https:\/\/www.greenroom.at\/en\/wp-json\/wp\/v2\/pages"}],"about":[{"href":"https:\/\/www.greenroom.at\/en\/wp-json\/wp\/v2\/types\/page"}],"author":[{"embeddable":true,"href":"https:\/\/www.greenroom.at\/en\/wp-json\/wp\/v2\/users\/1"}],"replies":[{"embeddable":true,"href":"https:\/\/www.greenroom.at\/en\/wp-json\/wp\/v2\/comments?post=11"}],"version-history":[{"count":97,"href":"https:\/\/www.greenroom.at\/en\/wp-json\/wp\/v2\/pages\/11\/revisions"}],"predecessor-version":[{"id":2406,"href":"https:\/\/www.greenroom.at\/en\/wp-json\/wp\/v2\/pages\/11\/revisions\/2406"}],"wp:featuredmedia":[{"embeddable":true,"href":"https:\/\/www.greenroom.at\/en\/wp-json\/wp\/v2\/media\/1284"}],"wp:attachment":[{"href":"https:\/\/www.greenroom.at\/en\/wp-json\/wp\/v2\/media?parent=11"}],"curies":[{"name":"wp","href":"https:\/\/api.w.org\/{rel}","templated":true}]}}