{"id":1116,"date":"2024-01-12T09:38:13","date_gmt":"2024-01-12T09:38:13","guid":{"rendered":"https:\/\/www.greenroom.at\/?page_id=1116"},"modified":"2025-11-18T15:34:38","modified_gmt":"2025-11-18T15:34:38","slug":"staff-2","status":"publish","type":"page","link":"https:\/\/www.greenroom.at\/en\/staff-2","title":{"rendered":"Staff"},"content":{"rendered":"<div class=\"wp-block-group alignfull\"><div class=\"wp-block-group__inner-container is-layout-flow wp-block-group-is-layout-flow\">\n<h2 class=\"wp-block-heading has-text-align-center\">Greenroom Staff Winter \u00b425\/26<\/h2>\n\n\n\n<div class=\"wp-block-columns alignwide tw-cols-card tw-cols-card-shadow is-layout-flex wp-container-core-columns-is-layout-9d6595d7 wp-block-columns-is-layout-flex tw-block-animation tw-animation-fade-in\">\n<div class=\"wp-block-column is-layout-flow wp-block-column-is-layout-flow\"><div class=\"wp-block-image\">\n<figure class=\"aligncenter size-full\"><img loading=\"lazy\" decoding=\"async\" width=\"522\" height=\"522\" src=\"https:\/\/www.greenroom.at\/wp-content\/uploads\/2024\/01\/staff_patrick.png\" alt=\"\" class=\"wp-image-1117\" srcset=\"https:\/\/www.greenroom.at\/wp-content\/uploads\/2024\/01\/staff_patrick.png 522w, https:\/\/www.greenroom.at\/wp-content\/uploads\/2024\/01\/staff_patrick-300x300.png 300w, https:\/\/www.greenroom.at\/wp-content\/uploads\/2024\/01\/staff_patrick-150x150.png 150w, https:\/\/www.greenroom.at\/wp-content\/uploads\/2024\/01\/staff_patrick-12x12.png 12w, https:\/\/www.greenroom.at\/wp-content\/uploads\/2024\/01\/staff_patrick-100x100.png 100w\" sizes=\"auto, (max-width: 522px) 100vw, 522px\" \/><\/figure>\n<\/div>\n\n\n<h3 class=\"wp-block-heading\">Patrick<\/h3>\n\n\n\n<p>&#8230;&#8217;der Chef&#8216; &#8211; Experte f\u00fcr Bootfitting und Reparaturen jeglicher Art sowie stets besch\u00e4ftigt<\/p>\n<\/div>\n\n\n\n<div class=\"wp-block-column is-layout-flow wp-block-column-is-layout-flow\"><div class=\"wp-block-image\">\n<figure class=\"aligncenter size-full\"><img loading=\"lazy\" decoding=\"async\" width=\"522\" height=\"522\" src=\"https:\/\/www.greenroom.at\/wp-content\/uploads\/2024\/01\/staff_tanja.png\" alt=\"\" class=\"wp-image-1118\" srcset=\"https:\/\/www.greenroom.at\/wp-content\/uploads\/2024\/01\/staff_tanja.png 522w, https:\/\/www.greenroom.at\/wp-content\/uploads\/2024\/01\/staff_tanja-300x300.png 300w, https:\/\/www.greenroom.at\/wp-content\/uploads\/2024\/01\/staff_tanja-150x150.png 150w, https:\/\/www.greenroom.at\/wp-content\/uploads\/2024\/01\/staff_tanja-12x12.png 12w, https:\/\/www.greenroom.at\/wp-content\/uploads\/2024\/01\/staff_tanja-100x100.png 100w\" sizes=\"auto, (max-width: 522px) 100vw, 522px\" \/><\/figure>\n<\/div>\n\n\n<h3 class=\"wp-block-heading\">Tanja<\/h3>\n\n\n\n<p>&nbsp;&#8218;M\u00e4dchen&#8216; f\u00fcr Alles &#8211; ber\u00e4t, passt an, informiert, organisiert uvm, ansonsten &#8211; Dog-Sitterin und Pferdeliebhaberin<\/p>\n<\/div>\n<\/div>\n\n\n\n<div class=\"wp-block-columns alignwide tw-cols-card tw-cols-card-shadow is-layout-flex wp-container-core-columns-is-layout-9d6595d7 wp-block-columns-is-layout-flex tw-block-animation tw-animation-fade-in\">\n<div class=\"wp-block-column is-layout-flow wp-block-column-is-layout-flow\"><div class=\"wp-block-image\">\n<figure class=\"aligncenter size-full\"><img loading=\"lazy\" decoding=\"async\" width=\"522\" height=\"522\" src=\"https:\/\/www.greenroom.at\/wp-content\/uploads\/2024\/01\/staff_lauri.png\" alt=\"\" class=\"wp-image-1124\" srcset=\"https:\/\/www.greenroom.at\/wp-content\/uploads\/2024\/01\/staff_lauri.png 522w, https:\/\/www.greenroom.at\/wp-content\/uploads\/2024\/01\/staff_lauri-300x300.png 300w, https:\/\/www.greenroom.at\/wp-content\/uploads\/2024\/01\/staff_lauri-150x150.png 150w, https:\/\/www.greenroom.at\/wp-content\/uploads\/2024\/01\/staff_lauri-12x12.png 12w, https:\/\/www.greenroom.at\/wp-content\/uploads\/2024\/01\/staff_lauri-100x100.png 100w\" sizes=\"auto, (max-width: 522px) 100vw, 522px\" \/><\/figure>\n<\/div>\n\n\n<h3 class=\"wp-block-heading\">Lauri<\/h3>\n\n\n\n<p>Rental &amp; Service<\/p>\n<\/div>\n\n\n\n<div class=\"wp-block-column is-layout-flow wp-block-column-is-layout-flow\"><div class=\"wp-block-image\">\n<figure class=\"aligncenter size-full\"><img loading=\"lazy\" decoding=\"async\" width=\"462\" height=\"490\" src=\"https:\/\/www.greenroom.at\/wp-content\/uploads\/2025\/07\/chris_staff_25.png\" alt=\"\" class=\"wp-image-2188\" srcset=\"https:\/\/www.greenroom.at\/wp-content\/uploads\/2025\/07\/chris_staff_25.png 462w, https:\/\/www.greenroom.at\/wp-content\/uploads\/2025\/07\/chris_staff_25-283x300.png 283w, https:\/\/www.greenroom.at\/wp-content\/uploads\/2025\/07\/chris_staff_25-11x12.png 11w\" sizes=\"auto, (max-width: 462px) 100vw, 462px\" \/><\/figure>\n<\/div>\n\n\n<h3 class=\"wp-block-heading\">Chris<\/h3>\n\n\n\n<p>Rental, Service &amp; Media<\/p>\n<\/div>\n<\/div>\n\n\n\n<div class=\"wp-block-columns alignwide tw-cols-card tw-cols-card-shadow is-layout-flex wp-container-core-columns-is-layout-9d6595d7 wp-block-columns-is-layout-flex tw-block-animation tw-animation-fade-in\">\n<div class=\"wp-block-column is-layout-flow wp-block-column-is-layout-flow\"><div class=\"wp-block-image\">\n<figure class=\"aligncenter size-full\"><img loading=\"lazy\" decoding=\"async\" width=\"462\" height=\"490\" src=\"https:\/\/www.greenroom.at\/wp-content\/uploads\/2024\/01\/staff_radim_2.png\" alt=\"\" class=\"wp-image-1140\" srcset=\"https:\/\/www.greenroom.at\/wp-content\/uploads\/2024\/01\/staff_radim_2.png 462w, https:\/\/www.greenroom.at\/wp-content\/uploads\/2024\/01\/staff_radim_2-283x300.png 283w, https:\/\/www.greenroom.at\/wp-content\/uploads\/2024\/01\/staff_radim_2-11x12.png 11w\" sizes=\"auto, (max-width: 462px) 100vw, 462px\" \/><\/figure>\n<\/div>\n\n\n<h3 class=\"wp-block-heading\">Radim<\/h3>\n\n\n\n<p>Rental &amp; Service<\/p>\n<\/div>\n\n\n\n<div class=\"wp-block-column is-layout-flow wp-block-column-is-layout-flow\"><div class=\"wp-block-image\">\n<figure class=\"aligncenter size-full\"><img loading=\"lazy\" decoding=\"async\" width=\"522\" height=\"522\" src=\"https:\/\/www.greenroom.at\/wp-content\/uploads\/2024\/01\/staff_anca.png\" alt=\"\" class=\"wp-image-1123\" srcset=\"https:\/\/www.greenroom.at\/wp-content\/uploads\/2024\/01\/staff_anca.png 522w, https:\/\/www.greenroom.at\/wp-content\/uploads\/2024\/01\/staff_anca-300x300.png 300w, https:\/\/www.greenroom.at\/wp-content\/uploads\/2024\/01\/staff_anca-150x150.png 150w, https:\/\/www.greenroom.at\/wp-content\/uploads\/2024\/01\/staff_anca-12x12.png 12w, https:\/\/www.greenroom.at\/wp-content\/uploads\/2024\/01\/staff_anca-100x100.png 100w\" sizes=\"auto, (max-width: 522px) 100vw, 522px\" \/><\/figure>\n<\/div>\n\n\n<h3 class=\"wp-block-heading\">Anca<\/h3>\n\n\n\n<p>Saleswoman<\/p>\n<\/div>\n<\/div>\n\n\n\n<div class=\"wp-block-columns alignwide tw-cols-card tw-cols-card-shadow is-layout-flex wp-container-core-columns-is-layout-9d6595d7 wp-block-columns-is-layout-flex tw-block-animation tw-animation-fade-in\">\n<div class=\"wp-block-column is-layout-flow wp-block-column-is-layout-flow\"><div class=\"wp-block-image\">\n<figure class=\"aligncenter size-full\"><img loading=\"lazy\" decoding=\"async\" width=\"462\" height=\"490\" src=\"https:\/\/www.greenroom.at\/wp-content\/uploads\/2025\/07\/shenny_staff.png\" alt=\"\" class=\"wp-image-2187\" srcset=\"https:\/\/www.greenroom.at\/wp-content\/uploads\/2025\/07\/shenny_staff.png 462w, https:\/\/www.greenroom.at\/wp-content\/uploads\/2025\/07\/shenny_staff-283x300.png 283w, https:\/\/www.greenroom.at\/wp-content\/uploads\/2025\/07\/shenny_staff-11x12.png 11w\" sizes=\"auto, (max-width: 462px) 100vw, 462px\" \/><\/figure>\n<\/div>\n\n\n<h3 class=\"wp-block-heading\">Shenny<\/h3>\n\n\n\n<p>Saleswoman &amp; Rental<\/p>\n<\/div>\n\n\n\n<div class=\"wp-block-column is-layout-flow wp-block-column-is-layout-flow\"><div class=\"wp-block-image\">\n<figure class=\"aligncenter size-full\"><img loading=\"lazy\" decoding=\"async\" width=\"522\" height=\"522\" src=\"https:\/\/www.greenroom.at\/wp-content\/uploads\/2024\/01\/staff_hunde.png\" alt=\"\" class=\"wp-image-1122\" srcset=\"https:\/\/www.greenroom.at\/wp-content\/uploads\/2024\/01\/staff_hunde.png 522w, https:\/\/www.greenroom.at\/wp-content\/uploads\/2024\/01\/staff_hunde-300x300.png 300w, https:\/\/www.greenroom.at\/wp-content\/uploads\/2024\/01\/staff_hunde-150x150.png 150w, https:\/\/www.greenroom.at\/wp-content\/uploads\/2024\/01\/staff_hunde-12x12.png 12w, https:\/\/www.greenroom.at\/wp-content\/uploads\/2024\/01\/staff_hunde-100x100.png 100w\" sizes=\"auto, (max-width: 522px) 100vw, 522px\" \/><\/figure>\n<\/div>\n\n\n<h3 class=\"wp-block-heading\">Andros (Aaron &amp; Zoe &#8211; RIP\u2764\ufe0f)<\/h3>\n\n\n\n<p>Security<\/p>\n<\/div>\n<\/div>\n<\/div><\/div>\n\n\n\n<p><\/p>","protected":false},"excerpt":{"rendered":"<p>Greenroom Staff Winter \u00b425\/26 Patrick &#8230;&#8217;der Chef&#8216; &#8211; Experte f\u00fcr Bootfitting und Reparaturen jeglicher Art sowie stets besch\u00e4ftigt Tanja &nbsp;&#8218;M\u00e4dchen&#8216; f\u00fcr Alles &#8211; ber\u00e4t, passt an, informiert, organisiert uvm, ansonsten &#8211; Dog-Sitterin und Pferdeliebhaberin Lauri Rental &amp; Service Chris Rental, Service &amp; Media Radim Rental &amp; Service Anca Saleswoman Shenny Saleswoman &amp; Rental Andros (Aaron &hellip; <\/p>\n<p class=\"link-more\"><a href=\"https:\/\/www.greenroom.at\/en\/staff-2\" class=\"more-link\">Continue reading<span class=\"screen-reader-text\"> &#8222;Staff&#8220;<\/span><\/a><\/p>","protected":false},"author":1,"featured_media":0,"parent":0,"menu_order":0,"comment_status":"closed","ping_status":"closed","template":"","meta":{"footnotes":""},"class_list":["post-1116","page","type-page","status-publish","hentry"],"aioseo_notices":[],"_links":{"self":[{"href":"https:\/\/www.greenroom.at\/en\/wp-json\/wp\/v2\/pages\/1116","targetHints":{"allow":["GET"]}}],"collection":[{"href":"https:\/\/www.greenroom.at\/en\/wp-json\/wp\/v2\/pages"}],"about":[{"href":"https:\/\/www.greenroom.at\/en\/wp-json\/wp\/v2\/types\/page"}],"author":[{"embeddable":true,"href":"https:\/\/www.greenroom.at\/en\/wp-json\/wp\/v2\/users\/1"}],"replies":[{"embeddable":true,"href":"https:\/\/www.greenroom.at\/en\/wp-json\/wp\/v2\/comments?post=1116"}],"version-history":[{"count":29,"href":"https:\/\/www.greenroom.at\/en\/wp-json\/wp\/v2\/pages\/1116\/revisions"}],"predecessor-version":[{"id":2351,"href":"https:\/\/www.greenroom.at\/en\/wp-json\/wp\/v2\/pages\/1116\/revisions\/2351"}],"wp:attachment":[{"href":"https:\/\/www.greenroom.at\/en\/wp-json\/wp\/v2\/media?parent=1116"}],"curies":[{"name":"wp","href":"https:\/\/api.w.org\/{rel}","templated":true}]}}