{"id":460,"date":"2023-09-28T13:06:36","date_gmt":"2023-09-28T13:06:36","guid":{"rendered":"https:\/\/greenroom23.live-website.com\/?page_id=460"},"modified":"2025-04-17T09:39:42","modified_gmt":"2025-04-17T09:39:42","slug":"verleih-anfrage","status":"publish","type":"page","link":"https:\/\/www.greenroom.at\/en\/verleih-anfrage","title":{"rendered":"Booking Request"},"content":{"rendered":"<div class=\"wp-block-media-text alignfull is-stacked-on-mobile is-vertically-aligned-center tw-block-animation tw-animation-fade-in\" style=\"grid-template-columns:38% auto\"><figure class=\"wp-block-media-text__media\"><img loading=\"lazy\" decoding=\"async\" width=\"462\" height=\"490\" src=\"https:\/\/greenroom23.live-website.com\/wp-content\/uploads\/2023\/09\/teaser_bike_rental_formular.jpg\" alt=\"\" class=\"wp-image-494 size-full\" srcset=\"https:\/\/www.greenroom.at\/wp-content\/uploads\/2023\/09\/teaser_bike_rental_formular.jpg 462w, https:\/\/www.greenroom.at\/wp-content\/uploads\/2023\/09\/teaser_bike_rental_formular-283x300.jpg 283w, https:\/\/www.greenroom.at\/wp-content\/uploads\/2023\/09\/teaser_bike_rental_formular-11x12.jpg 11w\" sizes=\"auto, (max-width: 462px) 100vw, 462px\" \/><\/figure><div class=\"wp-block-media-text__content\">\n<h3 class=\"wp-block-heading has-text-align-center has-text-color\" style=\"color:#000000\"><strong>Booking Request<\/strong><\/h3>\n\n\n\n<div class=\"wp-block-group\"><div class=\"wp-block-group__inner-container is-layout-constrained wp-block-group-is-layout-constrained\">\n<p class=\"has-text-align-center\">Would you like to explore the Ziller Valley by bike but you are not yet sure which bike is right for you? <\/p>\n\n\n\n<p class=\"has-text-align-center translation-block\">No problem - simply fill out the form below and we will send you a non-binding offer! Please include your body size to make it easier for us to match you with the right bike! Select category: Multiple selection possible<\/p>\n<\/div><\/div>\n<\/div><\/div>\n\n\n<div class=\"wpforms-container wpforms-container-full wpforms-block wpforms-block-a91a7b60-7a84-494c-9005-96498f214edc wpforms-render-modern\" id=\"wpforms-464\"><form id=\"wpforms-form-464\" class=\"wpforms-validate wpforms-form wpforms-ajax-form\" data-formid=\"464\" method=\"post\" enctype=\"multipart\/form-data\" action=\"\/en\/wp-json\/wp\/v2\/pages\/460\" data-token=\"534777f20ab15ed9135ce42209161cdd\" data-token-time=\"1777059496\" data-trp-original-action=\"\/en\/wp-json\/wp\/v2\/pages\/460\"><noscript class=\"wpforms-error-noscript\">Please enable JavaScript in your browser to complete this form.<\/noscript><div class=\"wpforms-hidden\" id=\"wpforms-error-noscript\">Please enable JavaScript in your browser to complete this form.<\/div><div class=\"wpforms-field-container\"><div id=\"wpforms-464-field_5-container\" class=\"wpforms-field wpforms-field-checkbox wpforms-list-3-columns\" data-field-id=\"5\"><fieldset><legend class=\"wpforms-field-label\">Select category: Multiple selection possible<\/legend><ul id=\"wpforms-464-field_5\" class=\"wpforms-image-choices wpforms-image-choices-modern\"><li class=\"choice-1 depth-1 wpforms-image-choices-item\"><label class=\"wpforms-field-label-inline\" for=\"wpforms-464-field_5_1\" tabindex=\"0\"><span class=\"wpforms-image-choices-image\"><img decoding=\"async\" src=\"https:\/\/greenroom23.live-website.com\/wp-content\/uploads\/2023\/09\/teaser_ebikes_fully_klein.jpg\" alt=\"E-MTB Fully\" title=\"E-MTB Fully\"><\/span><input type=\"checkbox\" id=\"wpforms-464-field_5_1\" class=\"wpforms-screen-reader-element\" name=\"wpforms[fields][5][]\" value=\"E-MTB Fully\" aria-errormessage=\"wpforms-464-field_5_1-error\" tabindex=\"-1\"  ><span class=\"wpforms-image-choices-label\">E-MTB Fully<\/span><\/label><\/li><li class=\"choice-2 depth-1 wpforms-image-choices-item\"><label class=\"wpforms-field-label-inline\" for=\"wpforms-464-field_5_2\" tabindex=\"0\"><span class=\"wpforms-image-choices-image\"><img decoding=\"async\" src=\"https:\/\/greenroom23.live-website.com\/wp-content\/uploads\/2023\/09\/teaser_ebikes_hardtail_klein.jpg\" alt=\"E-MTB Hardtail\" title=\"E-MTB Hardtail\"><\/span><input type=\"checkbox\" id=\"wpforms-464-field_5_2\" class=\"wpforms-screen-reader-element\" name=\"wpforms[fields][5][]\" value=\"E-MTB Hardtail\" aria-errormessage=\"wpforms-464-field_5_2-error\" tabindex=\"-1\"  ><span class=\"wpforms-image-choices-label\">E-MTB Hardtail<\/span><\/label><\/li><li class=\"choice-3 depth-1 wpforms-image-choices-item\"><label class=\"wpforms-field-label-inline\" for=\"wpforms-464-field_5_3\" tabindex=\"0\"><span class=\"wpforms-image-choices-image\"><img decoding=\"async\" src=\"https:\/\/greenroom23.live-website.com\/wp-content\/uploads\/2023\/09\/teaser_biobikes_hardtail_klein.jpg\" alt=\"MTB Hardtail\" title=\"MTB Hardtail\"><\/span><input type=\"checkbox\" id=\"wpforms-464-field_5_3\" class=\"wpforms-screen-reader-element\" name=\"wpforms[fields][5][]\" value=\"MTB Hardtail\" aria-errormessage=\"wpforms-464-field_5_3-error\" tabindex=\"-1\"  ><span class=\"wpforms-image-choices-label\">MTB Hardtail<\/span><\/label><\/li><li class=\"choice-4 depth-1 wpforms-image-choices-item\"><label class=\"wpforms-field-label-inline\" for=\"wpforms-464-field_5_4\" tabindex=\"0\"><span class=\"wpforms-image-choices-image\"><img decoding=\"async\" src=\"https:\/\/greenroom23.live-website.com\/wp-content\/uploads\/2023\/09\/teaser_bikes_fully_klein.jpg\" alt=\"MTB Fully\" title=\"MTB Fully\"><\/span><input type=\"checkbox\" id=\"wpforms-464-field_5_4\" class=\"wpforms-screen-reader-element\" name=\"wpforms[fields][5][]\" value=\"MTB Fully\" aria-errormessage=\"wpforms-464-field_5_4-error\" tabindex=\"-1\"  ><span class=\"wpforms-image-choices-label\">MTB Fully<\/span><\/label><\/li><li class=\"choice-5 depth-1 wpforms-image-choices-item\"><label class=\"wpforms-field-label-inline\" for=\"wpforms-464-field_5_5\" tabindex=\"0\"><span class=\"wpforms-image-choices-image\"><img decoding=\"async\" src=\"https:\/\/greenroom23.live-website.com\/wp-content\/uploads\/2023\/09\/teaser_bikes_gravel_klein.jpg\" alt=\"Gravelbike\" title=\"Gravelbike\"><\/span><input type=\"checkbox\" id=\"wpforms-464-field_5_5\" class=\"wpforms-screen-reader-element\" name=\"wpforms[fields][5][]\" value=\"Gravelbike\" aria-errormessage=\"wpforms-464-field_5_5-error\" tabindex=\"-1\"  ><span class=\"wpforms-image-choices-label\">Gravelbike<\/span><\/label><\/li><li class=\"choice-6 depth-1 wpforms-image-choices-item\"><label class=\"wpforms-field-label-inline\" for=\"wpforms-464-field_5_6\" tabindex=\"0\"><span class=\"wpforms-image-choices-image\"><img decoding=\"async\" src=\"https:\/\/greenroom23.live-website.com\/wp-content\/uploads\/2023\/09\/teaser_ebikes_kids_klein.jpg\" alt=\"Kids E-Bike\" title=\"Kids E-Bike\"><\/span><input type=\"checkbox\" id=\"wpforms-464-field_5_6\" class=\"wpforms-screen-reader-element\" name=\"wpforms[fields][5][]\" value=\"Kids E-Bike\" aria-errormessage=\"wpforms-464-field_5_6-error\" tabindex=\"-1\"  ><span class=\"wpforms-image-choices-label\">Kids E-Bike<\/span><\/label><\/li><\/ul><\/fieldset><\/div><div id=\"wpforms-464-field_0-container\" class=\"wpforms-field wpforms-field-name\" data-field-id=\"0\"><fieldset><legend class=\"wpforms-field-label\">Name <span class=\"wpforms-required-label\" aria-hidden=\"true\">*<\/span><\/legend><div class=\"wpforms-field-row wpforms-field-medium\"><div class=\"wpforms-field-row-block wpforms-first wpforms-one-half\"><input type=\"text\" id=\"wpforms-464-field_0\" class=\"wpforms-field-name-first wpforms-field-required\" name=\"wpforms[fields][0][first]\" aria-errormessage=\"wpforms-464-field_0-error\" required><label for=\"wpforms-464-field_0\" class=\"wpforms-field-sublabel after\">First<\/label><\/div><div class=\"wpforms-field-row-block wpforms-one-half\"><input type=\"text\" id=\"wpforms-464-field_0-last\" class=\"wpforms-field-name-last wpforms-field-required\" name=\"wpforms[fields][0][last]\" aria-errormessage=\"wpforms-464-field_0-last-error\" required><label for=\"wpforms-464-field_0-last\" class=\"wpforms-field-sublabel after\">Last<\/label><\/div><\/div><\/fieldset><\/div><div id=\"wpforms-464-field_1-container\" class=\"wpforms-field wpforms-field-email\" data-field-id=\"1\"><label class=\"wpforms-field-label\" for=\"wpforms-464-field_1\">E-Mail <span class=\"wpforms-required-label\" aria-hidden=\"true\">*<\/span><\/label><input type=\"email\" id=\"wpforms-464-field_1\" class=\"wpforms-field-medium wpforms-field-required\" name=\"wpforms[fields][1]\" spellcheck=\"false\" aria-errormessage=\"wpforms-464-field_1-error\" required><\/div><div id=\"wpforms-464-field_9-container\" class=\"wpforms-field wpforms-field-text\" data-field-id=\"9\"><label class=\"wpforms-field-label\" for=\"wpforms-464-field_9\">Booking Date <span class=\"wpforms-required-label\" aria-hidden=\"true\">*<\/span><\/label><input type=\"text\" id=\"wpforms-464-field_9\" class=\"wpforms-field-medium wpforms-field-required\" name=\"wpforms[fields][9]\" aria-errormessage=\"wpforms-464-field_9-error\" required><\/div><div id=\"wpforms-464-field_8-container\" class=\"wpforms-field wpforms-field-text\" data-field-id=\"8\"><label class=\"wpforms-field-label\" for=\"wpforms-464-field_8\">Tel Number<\/label><input type=\"text\" id=\"wpforms-464-field_8\" class=\"wpforms-field-medium\" name=\"wpforms[fields][8]\" aria-errormessage=\"wpforms-464-field_8-error\" ><\/div><div id=\"wpforms-464-field_2-container\" class=\"wpforms-field wpforms-field-textarea\" data-field-id=\"2\"><label class=\"wpforms-field-label\" for=\"wpforms-464-field_2\">Booking Request<\/label><textarea id=\"wpforms-464-field_2\" class=\"wpforms-field-medium\" name=\"wpforms[fields][2]\" aria-errormessage=\"wpforms-464-field_2-error\" aria-describedby=\"wpforms-464-field_2-description\" ><\/textarea><div id=\"wpforms-464-field_2-description\" class=\"wpforms-field-description\">Bitte die jeweiligen K\u00f6rpergr\u00f6\u00dfen mit angeben, dass vereinfacht die Bearbeitung &#8211; da wir euch so die passenden Bikes zuordnen k\u00f6nnen!<\/div><\/div><div id=\"wpforms-464-field_6-container\" class=\"wpforms-field wpforms-field-gdpr-checkbox\" data-field-id=\"6\"><label class=\"wpforms-field-label\">DSGVO-Agreement <span class=\"wpforms-required-label\" aria-hidden=\"true\">*<\/span><\/label><ul id=\"wpforms-464-field_6\" class=\"wpforms-field-required\"><li class=\"choice-1\"><input type=\"checkbox\" id=\"wpforms-464-field_6_1\" name=\"wpforms[fields][6][]\" value=\"Ich willige ein, dass diese Website meine \u00fcbermittelten Informationen speichert, sodass meine Anfrage beantwortet werden kann.\" aria-errormessage=\"wpforms-464-field_6_1-error\" required><label class=\"wpforms-field-label-inline\" for=\"wpforms-464-field_6_1\">Ich willige ein, dass diese Website meine \u00fcbermittelten Informationen speichert, sodass meine Anfrage beantwortet werden kann.<\/label><\/li><\/ul><\/div><\/div><!-- .wpforms-field-container --><div class=\"wpforms-recaptcha-container wpforms-is-hcaptcha\" ><div class=\"g-recaptcha\" data-sitekey=\"f82e61be-eaee-4085-8fd6-b866d7591c19\"><\/div><input type=\"text\" name=\"g-recaptcha-hidden\" class=\"wpforms-recaptcha-hidden\" style=\"position:absolute!important;clip:rect(0,0,0,0)!important;height:1px!important;width:1px!important;border:0!important;overflow:hidden!important;padding:0!important;margin:0!important;\" data-rule-hcaptcha=\"1\"><\/div><div class=\"wpforms-submit-container\" ><input type=\"hidden\" name=\"wpforms[id]\" value=\"464\"><input type=\"hidden\" name=\"page_title\" value=\"\"><input type=\"hidden\" name=\"page_url\" value=\"https:\/\/www.greenroom.at\/en\/wp-json\/wp\/v2\/pages\/460\"><input type=\"hidden\" name=\"url_referer\" value=\"\"><button type=\"submit\" name=\"wpforms[submit]\" id=\"wpforms-submit-464\" class=\"wpforms-submit\" data-alt-text=\"Senden\u2026\" data-submit-text=\"Absenden\" aria-live=\"assertive\" value=\"wpforms-submit\">Absenden<\/button><img loading=\"lazy\" decoding=\"async\" src=\"https:\/\/www.greenroom.at\/wp-content\/plugins\/wpforms-lite\/assets\/images\/submit-spin.svg\" class=\"wpforms-submit-spinner\" style=\"display: none;\" width=\"26\" height=\"26\" alt=\"Loading\"><\/div><input type=\"hidden\" name=\"trp-form-language\" value=\"en\"\/><\/form><\/div>  <!-- .wpforms-container -->\n\n\n<div style=\"height:21px\" aria-hidden=\"true\" class=\"wp-block-spacer\"><\/div>\n\n\n\n<p><\/p>","protected":false},"excerpt":{"rendered":"","protected":false},"author":1,"featured_media":789,"parent":0,"menu_order":0,"comment_status":"closed","ping_status":"closed","template":"","meta":{"footnotes":""},"class_list":["post-460","page","type-page","status-publish","has-post-thumbnail","hentry"],"aioseo_notices":[],"_links":{"self":[{"href":"https:\/\/www.greenroom.at\/en\/wp-json\/wp\/v2\/pages\/460","targetHints":{"allow":["GET"]}}],"collection":[{"href":"https:\/\/www.greenroom.at\/en\/wp-json\/wp\/v2\/pages"}],"about":[{"href":"https:\/\/www.greenroom.at\/en\/wp-json\/wp\/v2\/types\/page"}],"author":[{"embeddable":true,"href":"https:\/\/www.greenroom.at\/en\/wp-json\/wp\/v2\/users\/1"}],"replies":[{"embeddable":true,"href":"https:\/\/www.greenroom.at\/en\/wp-json\/wp\/v2\/comments?post=460"}],"version-history":[{"count":20,"href":"https:\/\/www.greenroom.at\/en\/wp-json\/wp\/v2\/pages\/460\/revisions"}],"predecessor-version":[{"id":2098,"href":"https:\/\/www.greenroom.at\/en\/wp-json\/wp\/v2\/pages\/460\/revisions\/2098"}],"wp:featuredmedia":[{"embeddable":true,"href":"https:\/\/www.greenroom.at\/en\/wp-json\/wp\/v2\/media\/789"}],"wp:attachment":[{"href":"https:\/\/www.greenroom.at\/en\/wp-json\/wp\/v2\/media?parent=460"}],"curies":[{"name":"wp","href":"https:\/\/api.w.org\/{rel}","templated":true}]}}