{"id":98,"date":"2023-09-22T13:17:34","date_gmt":"2023-09-22T13:17:34","guid":{"rendered":"https:\/\/greenroom23.live-website.com\/?page_id=98"},"modified":"2026-04-10T11:46:40","modified_gmt":"2026-04-10T11:46:40","slug":"bike-sale","status":"publish","type":"page","link":"https:\/\/www.greenroom.at\/en\/bike-sale","title":{"rendered":"Bike Sale"},"content":{"rendered":"<div class=\"wp-block-group alignfull\"><div class=\"wp-block-group__inner-container is-layout-flow wp-block-group-is-layout-flow\">\n<h2 class=\"wp-block-heading has-text-align-center tw-block-animation tw-animation-fade-in\"><strong>Rental bikes from our rental shop<\/strong><\/h2>\n\n\n\n<div class=\"wp-block-columns alignwide tw-gutter-large is-layout-flex wp-container-core-columns-is-layout-9d6595d7 wp-block-columns-is-layout-flex tw-block-animation tw-animation-fade-in\">\n<div class=\"wp-block-column is-layout-flow wp-block-column-is-layout-flow\">\n<p class=\"has-text-align-center\">During the season we sell our rental bikes. All bikes are of course serviced and fully checked - equipped with new components if required (cassettes, pads, discs, etc.)<\/p>\n<\/div>\n\n\n\n<div class=\"wp-block-column is-layout-flow wp-block-column-is-layout-flow\">\n<p class=\"has-text-align-center\">Bikes can be viewed and tested in store. Just make an appointment with us! Tel: +43 (0) 5285 63567 <br><strong>Tel: +43 (0) 5285 63567<\/strong><\/p>\n<\/div>\n<\/div>\n<\/div><\/div>\n\n\n\n<div class=\"wp-block-group alignfull tw-block-animation tw-animation-fade-in-up\"><div class=\"wp-block-group__inner-container is-layout-flow wp-block-group-is-layout-flow\">\n<div class=\"wp-block-columns alignwide tw-cols-card tw-cols-card-shadow tw-stretched-media is-layout-flex wp-container-core-columns-is-layout-9d6595d7 wp-block-columns-is-layout-flex tw-block-animation tw-animation-fade-in-up\">\n<div class=\"wp-block-column is-layout-flow wp-block-column-is-layout-flow\"><div class=\"wp-block-image\">\n<figure class=\"aligncenter size-full\"><a href=\"https:\/\/www.greenroom.at\/en\/liv-lurra-e-ex-1\/\"><img loading=\"lazy\" decoding=\"async\" width=\"466\" height=\"465\" src=\"https:\/\/www.greenroom.at\/wp-content\/uploads\/2024\/09\/lurneu.png\" alt=\"\" class=\"wp-image-2055\" srcset=\"https:\/\/www.greenroom.at\/wp-content\/uploads\/2024\/09\/lurneu.png 466w, https:\/\/www.greenroom.at\/wp-content\/uploads\/2024\/09\/lurneu-300x300.png 300w, https:\/\/www.greenroom.at\/wp-content\/uploads\/2024\/09\/lurneu-150x150.png 150w, https:\/\/www.greenroom.at\/wp-content\/uploads\/2024\/09\/lurneu-12x12.png 12w, https:\/\/www.greenroom.at\/wp-content\/uploads\/2024\/09\/lurneu-100x100.png 100w\" sizes=\"auto, (max-width: 466px) 100vw, 466px\" \/><\/a><\/figure>\n<\/div>\n\n\n<h3 class=\"wp-block-heading\">LIV LURRA E+ PRO 800Wh<\/h3>\n\n\n\n<p><strong>Preis 2000,-<br><\/strong>Neupreis 4199,-<\/p>\n\n\n\n<div class=\"wp-block-buttons is-content-justification-center is-layout-flex wp-container-core-buttons-is-layout-16018d1d wp-block-buttons-is-layout-flex\">\n<div class=\"wp-block-button has-custom-width wp-block-button__width-100 is-style-outline is-style-outline--1 tw-block-animation tw-animation-fade-in-up\"><a class=\"wp-block-button__link has-medium-font-size has-custom-font-size wp-element-button\" href=\"https:\/\/www.greenroom.at\/en\/liv-lurra-e-ex-1\/\" style=\"border-radius:6px\">zum Bike<\/a><\/div>\n<\/div>\n<\/div>\n\n\n\n<div class=\"wp-block-column is-layout-flow wp-block-column-is-layout-flow\"><div class=\"wp-block-image\">\n<figure class=\"aligncenter size-full\"><a href=\"https:\/\/www.greenroom.at\/en\/giant-fathom-e-ex-1-800wh\/\"><img loading=\"lazy\" decoding=\"async\" width=\"466\" height=\"465\" src=\"https:\/\/www.greenroom.at\/wp-content\/uploads\/2024\/09\/fathex.png\" alt=\"\" class=\"wp-image-2039\" srcset=\"https:\/\/www.greenroom.at\/wp-content\/uploads\/2024\/09\/fathex.png 466w, https:\/\/www.greenroom.at\/wp-content\/uploads\/2024\/09\/fathex-300x300.png 300w, https:\/\/www.greenroom.at\/wp-content\/uploads\/2024\/09\/fathex-150x150.png 150w, https:\/\/www.greenroom.at\/wp-content\/uploads\/2024\/09\/fathex-12x12.png 12w, https:\/\/www.greenroom.at\/wp-content\/uploads\/2024\/09\/fathex-100x100.png 100w\" sizes=\"auto, (max-width: 466px) 100vw, 466px\" \/><\/a><\/figure>\n<\/div>\n\n\n<h3 class=\"wp-block-heading\">GIANT FATHOM E+ EX1 800Wh<\/h3>\n\n\n\n<p><strong>Preis 2000,-<br><\/strong>Neupreis 4199,-<\/p>\n\n\n\n<div class=\"wp-block-buttons is-content-justification-center is-layout-flex wp-container-core-buttons-is-layout-16018d1d wp-block-buttons-is-layout-flex\">\n<div class=\"wp-block-button has-custom-width wp-block-button__width-100 is-style-outline is-style-outline--2 tw-block-animation tw-animation-fade-in-up\"><a class=\"wp-block-button__link has-medium-font-size has-custom-font-size wp-element-button\" href=\"https:\/\/www.greenroom.at\/en\/giant-fathom-e-ex-1-800wh\/\" style=\"border-radius:6px\">zum Bike<\/a><\/div>\n<\/div>\n<\/div>\n<\/div>\n<\/div><\/div>\n\n\n\n<div class=\"wp-block-group alignfull tw-block-animation tw-animation-fade-in-up\"><div class=\"wp-block-group__inner-container is-layout-flow wp-block-group-is-layout-flow\">\n<div class=\"wp-block-columns alignwide tw-cols-card tw-cols-card-shadow tw-stretched-media is-layout-flex wp-container-core-columns-is-layout-9d6595d7 wp-block-columns-is-layout-flex tw-block-animation tw-animation-fade-in-up\">\n<div class=\"wp-block-column is-layout-flow wp-block-column-is-layout-flow\"><div class=\"wp-block-image\">\n<figure class=\"aligncenter size-full\"><img loading=\"lazy\" decoding=\"async\" width=\"462\" height=\"490\" src=\"https:\/\/www.greenroom.at\/wp-content\/uploads\/2025\/06\/nox_ht_rund.png\" alt=\"\" class=\"wp-image-2125\" srcset=\"https:\/\/www.greenroom.at\/wp-content\/uploads\/2025\/06\/nox_ht_rund.png 462w, https:\/\/www.greenroom.at\/wp-content\/uploads\/2025\/06\/nox_ht_rund-283x300.png 283w, https:\/\/www.greenroom.at\/wp-content\/uploads\/2025\/06\/nox_ht_rund-11x12.png 11w\" sizes=\"auto, (max-width: 462px) 100vw, 462px\" \/><\/figure>\n<\/div>\n\n\n<h3 class=\"wp-block-heading\">NOX XC TRAIL P3 720Wh<\/h3>\n\n\n\n<p><strong>Preis 2150,-<br><\/strong>Neupreis 4899,-<\/p>\n\n\n\n<div class=\"wp-block-buttons is-content-justification-center is-layout-flex wp-container-core-buttons-is-layout-16018d1d wp-block-buttons-is-layout-flex\">\n<div class=\"wp-block-button has-custom-width wp-block-button__width-100 is-style-outline is-style-outline--3 tw-block-animation tw-animation-fade-in-up\"><a class=\"wp-block-button__link has-medium-font-size has-custom-font-size wp-element-button\" href=\"https:\/\/www.greenroom.at\/en\/liv-embolden-e-ex\/\" style=\"border-radius:6px\">zum Bike<\/a><\/div>\n<\/div>\n<\/div>\n\n\n\n<div class=\"wp-block-column is-layout-flow wp-block-column-is-layout-flow\"><div class=\"wp-block-image\">\n<figure class=\"aligncenter size-full\"><img loading=\"lazy\" decoding=\"async\" width=\"462\" height=\"490\" src=\"https:\/\/www.greenroom.at\/wp-content\/uploads\/2025\/06\/noxfullyrund.png\" alt=\"\" class=\"wp-image-2126\" srcset=\"https:\/\/www.greenroom.at\/wp-content\/uploads\/2025\/06\/noxfullyrund.png 462w, https:\/\/www.greenroom.at\/wp-content\/uploads\/2025\/06\/noxfullyrund-283x300.png 283w, https:\/\/www.greenroom.at\/wp-content\/uploads\/2025\/06\/noxfullyrund-11x12.png 11w\" sizes=\"auto, (max-width: 462px) 100vw, 462px\" \/><\/figure>\n<\/div>\n\n\n<h3 class=\"wp-block-heading\">NOX HYBRID 5.9 720Wh<\/h3>\n\n\n\n<p><strong>Preis 2800,-<br><\/strong>Neupreis 5999,-<\/p>\n\n\n\n<div class=\"wp-block-buttons is-content-justification-center is-layout-flex wp-container-core-buttons-is-layout-16018d1d wp-block-buttons-is-layout-flex\">\n<div class=\"wp-block-button has-custom-width wp-block-button__width-100 is-style-outline is-style-outline--4 tw-block-animation tw-animation-fade-in-up\"><a class=\"wp-block-button__link has-medium-font-size has-custom-font-size wp-element-button\" href=\"https:\/\/www.greenroom.at\/en\/giant-fathom-e-1-pro-625wh\/\" style=\"border-radius:6px\">zum Bike<\/a><\/div>\n<\/div>\n<\/div>\n<\/div>\n<\/div><\/div>\n\n\n\n<div class=\"wp-block-group alignfull tw-block-animation tw-animation-fade-in-up\"><div class=\"wp-block-group__inner-container is-layout-flow wp-block-group-is-layout-flow\">\n<div class=\"wp-block-columns alignwide tw-cols-card tw-cols-card-shadow tw-stretched-media is-layout-flex wp-container-core-columns-is-layout-9d6595d7 wp-block-columns-is-layout-flex tw-block-animation tw-animation-fade-in-up\">\n<div class=\"wp-block-column is-layout-flow wp-block-column-is-layout-flow\"><div class=\"wp-block-image\">\n<figure class=\"aligncenter size-full\"><img loading=\"lazy\" decoding=\"async\" width=\"462\" height=\"490\" src=\"https:\/\/www.greenroom.at\/wp-content\/uploads\/2023\/10\/stance_e.jpg\" alt=\"\" class=\"wp-image-1295\" srcset=\"https:\/\/www.greenroom.at\/wp-content\/uploads\/2023\/10\/stance_e.jpg 462w, https:\/\/www.greenroom.at\/wp-content\/uploads\/2023\/10\/stance_e-283x300.jpg 283w, https:\/\/www.greenroom.at\/wp-content\/uploads\/2023\/10\/stance_e-11x12.jpg 11w\" sizes=\"auto, (max-width: 462px) 100vw, 462px\" \/><\/figure>\n<\/div>\n\n\n<h3 class=\"wp-block-heading\">GIANT STANCE E+ PRO 800Wh<\/h3>\n\n\n\n<p><strong>Preis 2500,-<br><\/strong>Neupreis 4499,-<\/p>\n\n\n\n<div class=\"wp-block-buttons is-content-justification-center is-layout-flex wp-container-core-buttons-is-layout-16018d1d wp-block-buttons-is-layout-flex\">\n<div class=\"wp-block-button has-custom-width wp-block-button__width-100 is-style-outline is-style-outline--5 tw-block-animation tw-animation-fade-in-up\"><a class=\"wp-block-button__link has-medium-font-size has-custom-font-size wp-element-button\" href=\"https:\/\/www.greenroom.at\/en\/giant-stance-e-pro-1\/\" style=\"border-radius:6px\">zum Bike<\/a><\/div>\n<\/div>\n<\/div>\n\n\n\n<div class=\"wp-block-column is-layout-flow wp-block-column-is-layout-flow\">\n<h3 class=\"wp-block-heading\"><\/h3>\n\n\n\n<p><\/p>\n\n\n\n<div class=\"wp-block-buttons is-content-justification-center is-layout-flex wp-container-core-buttons-is-layout-16018d1d wp-block-buttons-is-layout-flex\"><\/div>\n<\/div>\n<\/div>\n<\/div><\/div>\n\n\n\n<div class=\"wp-block-buttons is-content-justification-center is-layout-flex wp-container-core-buttons-is-layout-16018d1d wp-block-buttons-is-layout-flex\">\n<div class=\"wp-block-button has-custom-width wp-block-button__width-100 is-style-outline is-style-outline--6 tw-block-animation tw-animation-fade-in-up\"><a class=\"wp-block-button__link has-medium-font-size has-custom-font-size wp-element-button\" href=\"https:\/\/www.greenroom.at\/en\/kontakt-formular\/\" style=\"border-radius:6px\">ask for request!<\/a><\/div>\n<\/div>\n\n\n\n<p><\/p>","protected":false},"excerpt":{"rendered":"<p>Rental-Bikes aus unserem Verleih W\u00e4hrend der Saison verkaufen wir einige Bikes aus unserem Verleih. Alle Bikes sind selbstverst\u00e4ndlich gewartet und general\u00fcberholt &#8211; Nach Bedarf mit neuen Komponenten ausgestattet (Kassetten, Bel\u00e4ge, Discs, usw) R\u00e4der k\u00f6nnen im Shop besichtigt und getestet werden. Mach einfach einen Termin mit uns aus! Tel: +43 (0) 5285 63567 LIV LURRA E+ &hellip; <\/p>\n<p class=\"link-more\"><a href=\"https:\/\/www.greenroom.at\/en\/bike-sale\" class=\"more-link\">Continue reading<span class=\"screen-reader-text\"> &#8222;Bike Sale&#8220;<\/span><\/a><\/p>","protected":false},"author":1,"featured_media":348,"parent":0,"menu_order":0,"comment_status":"closed","ping_status":"closed","template":"","meta":{"footnotes":""},"class_list":["post-98","page","type-page","status-publish","has-post-thumbnail","hentry"],"aioseo_notices":[],"_links":{"self":[{"href":"https:\/\/www.greenroom.at\/en\/wp-json\/wp\/v2\/pages\/98","targetHints":{"allow":["GET"]}}],"collection":[{"href":"https:\/\/www.greenroom.at\/en\/wp-json\/wp\/v2\/pages"}],"about":[{"href":"https:\/\/www.greenroom.at\/en\/wp-json\/wp\/v2\/types\/page"}],"author":[{"embeddable":true,"href":"https:\/\/www.greenroom.at\/en\/wp-json\/wp\/v2\/users\/1"}],"replies":[{"embeddable":true,"href":"https:\/\/www.greenroom.at\/en\/wp-json\/wp\/v2\/comments?post=98"}],"version-history":[{"count":74,"href":"https:\/\/www.greenroom.at\/en\/wp-json\/wp\/v2\/pages\/98\/revisions"}],"predecessor-version":[{"id":2450,"href":"https:\/\/www.greenroom.at\/en\/wp-json\/wp\/v2\/pages\/98\/revisions\/2450"}],"wp:featuredmedia":[{"embeddable":true,"href":"https:\/\/www.greenroom.at\/en\/wp-json\/wp\/v2\/media\/348"}],"wp:attachment":[{"href":"https:\/\/www.greenroom.at\/en\/wp-json\/wp\/v2\/media?parent=98"}],"curies":[{"name":"wp","href":"https:\/\/api.w.org\/{rel}","templated":true}]}}